{"id":1210,"date":"2021-08-14T02:13:23","date_gmt":"2021-08-14T02:13:23","guid":{"rendered":"https:\/\/smavt.wamstore.com\/?page_id=1210"},"modified":"2022-11-28T15:53:44","modified_gmt":"2022-11-28T08:53:44","slug":"news-media","status":"publish","type":"page","link":"https:\/\/smavtgroup.com\/vi\/news-media\/","title":{"rendered":"Tin t\u1ee9c"},"content":{"rendered":"<div data-elementor-type=\"wp-page\" data-elementor-id=\"1210\" class=\"elementor elementor-1210\" data-elementor-post-type=\"page\">\n\t\t\t\t\t\t<section class=\"elementor-section elementor-top-section elementor-element elementor-element-4e4aff21 elementor-section-content-middle elementor-section-boxed elementor-section-height-default elementor-section-height-default\" data-id=\"4e4aff21\" data-element_type=\"section\" data-settings=\"{&quot;background_background&quot;:&quot;classic&quot;}\">\n\t\t\t\t\t\t\t<div class=\"elementor-background-overlay\"><\/div>\n\t\t\t\t\t\t\t<div class=\"elementor-container elementor-column-gap-no\">\n\t\t\t\t\t<div class=\"elementor-column elementor-col-100 elementor-top-column elementor-element elementor-element-3f9099f4\" data-id=\"3f9099f4\" data-element_type=\"column\">\n\t\t\t<div class=\"elementor-widget-wrap elementor-element-populated\">\n\t\t\t\t\t\t<div class=\"elementor-element elementor-element-11b41f7c elementor-widget elementor-widget-heading\" data-id=\"11b41f7c\" data-element_type=\"widget\" data-widget_type=\"heading.default\">\n\t\t\t\t<div class=\"elementor-widget-container\">\n\t\t\t\t\t<h1 class=\"elementor-heading-title elementor-size-default\">Tin t\u1ee9c<\/h1>\t\t\t\t<\/div>\n\t\t\t\t<\/div>\n\t\t\t\t<div class=\"elementor-element elementor-element-191db486 elementor-widget elementor-widget-text-editor\" data-id=\"191db486\" data-element_type=\"widget\" data-widget_type=\"text-editor.default\">\n\t\t\t\t<div class=\"elementor-widget-container\">\n\t\t\t\t\t\t\t\t\t<p>Theo d\u00f5i tin t\u1ee9c m\u1edbi nh\u1ea5t c\u1ee7a SMAVT<\/p>\t\t\t\t\t\t\t\t<\/div>\n\t\t\t\t<\/div>\n\t\t\t\t\t<\/div>\n\t\t<\/div>\n\t\t\t\t\t<\/div>\n\t\t<\/section>\n\t\t\t\t<section class=\"elementor-section elementor-top-section elementor-element elementor-element-42b3d61 elementor-section-boxed elementor-section-height-default elementor-section-height-default\" data-id=\"42b3d61\" data-element_type=\"section\">\n\t\t\t\t\t\t<div class=\"elementor-container elementor-column-gap-default\">\n\t\t\t\t\t<div class=\"elementor-column elementor-col-100 elementor-top-column elementor-element elementor-element-db2664b\" data-id=\"db2664b\" data-element_type=\"column\">\n\t\t\t<div class=\"elementor-widget-wrap elementor-element-populated\">\n\t\t\t\t\t\t<div class=\"elementor-element elementor-element-84bba03 elementor-grid-3 elementor-grid-tablet-2 elementor-grid-mobile-1 elementor-posts--thumbnail-top elementor-card-shadow-yes elementor-posts__hover-gradient elementor-widget elementor-widget-posts\" data-id=\"84bba03\" data-element_type=\"widget\" data-settings=\"{&quot;cards_columns&quot;:&quot;3&quot;,&quot;cards_columns_tablet&quot;:&quot;2&quot;,&quot;cards_columns_mobile&quot;:&quot;1&quot;,&quot;cards_row_gap&quot;:{&quot;unit&quot;:&quot;px&quot;,&quot;size&quot;:35,&quot;sizes&quot;:[]},&quot;cards_row_gap_tablet&quot;:{&quot;unit&quot;:&quot;px&quot;,&quot;size&quot;:&quot;&quot;,&quot;sizes&quot;:[]},&quot;cards_row_gap_mobile&quot;:{&quot;unit&quot;:&quot;px&quot;,&quot;size&quot;:&quot;&quot;,&quot;sizes&quot;:[]}}\" data-widget_type=\"posts.cards\">\n\t\t\t\t<div class=\"elementor-widget-container\">\n\t\t\t\t\t\t\t<div class=\"elementor-posts-container elementor-posts elementor-posts--skin-cards elementor-grid\">\n\t\t\t\t<article class=\"elementor-post elementor-grid-item post-2721 post type-post status-publish format-standard has-post-thumbnail hentry category-news-media\">\n\t\t\t<div class=\"elementor-post__card\">\n\t\t\t\t<a class=\"elementor-post__thumbnail__link\" href=\"https:\/\/smavtgroup.com\/vi\/tong-ket-hoat-dong-tai-vietbeauty-cosmobeaute-vietnam-2024\/\" tabindex=\"-1\" ><div class=\"elementor-post__thumbnail\"><img fetchpriority=\"high\" decoding=\"async\" width=\"300\" height=\"195\" src=\"https:\/\/smavtgroup.com\/wp-content\/uploads\/2024\/08\/recap2-300x195.png\" class=\"attachment-medium size-medium wp-image-2730\" alt=\"\" srcset=\"https:\/\/smavtgroup.com\/wp-content\/uploads\/2024\/08\/recap2-300x195.png 300w, https:\/\/smavtgroup.com\/wp-content\/uploads\/2024\/08\/recap2-1024x666.png 1024w, https:\/\/smavtgroup.com\/wp-content\/uploads\/2024\/08\/recap2-768x500.png 768w, https:\/\/smavtgroup.com\/wp-content\/uploads\/2024\/08\/recap2-1536x999.png 1536w, https:\/\/smavtgroup.com\/wp-content\/uploads\/2024\/08\/recap2-2048x1332.png 2048w, https:\/\/smavtgroup.com\/wp-content\/uploads\/2024\/08\/recap2-18x12.png 18w\" sizes=\"(max-width: 300px) 100vw, 300px\" \/><\/div><\/a>\n\t\t\t\t<div class=\"elementor-post__badge\">Tin t\u1ee9c<\/div>\n\t\t\t\t<div class=\"elementor-post__text\">\n\t\t\t\t<h3 class=\"elementor-post__title\">\n\t\t\t<a href=\"https:\/\/smavtgroup.com\/vi\/tong-ket-hoat-dong-tai-vietbeauty-cosmobeaute-vietnam-2024\/\" >\n\t\t\t\tT\u1ed5ng K\u1ebft Bu\u1ed5i Tri\u1ec3n L\u00e3m M\u1ef9 Ph\u1ea9m T\u1ea1i Vietbeauty &amp; Cosmobeaut\u00e9 Vietnam 2024\t\t\t<\/a>\n\t\t<\/h3>\n\t\t\t\t<div class=\"elementor-post__excerpt\">\n\t\t\t<p>SMAVT xin g\u1eedi l\u1eddi c\u1ea3m \u01a1n ch\u00e2n th\u00e0nh \u0111\u1ebfn Qu\u00fd \u0111\u1ed1i t\u00e1c \u0111\u00e3 gh\u00e9 th\u0103m gian h\u00e0ng t\u1ea1i s\u1ef1 ki\u1ec7n tri\u1ec3n l\u00e3m VIETBEAUTY, di\u1ec5n ra t\u1eeb 25 - 27\/7\/2024 t\u1ea1i Trung t\u00e2m H\u1ed9i ch\u1ee3 v\u00e0 Tri\u1ec3n l\u00e3m S\u00e0i G\u00f2n (SECC).<\/p>\n\t\t<\/div>\n\t\t\n\t\t<a class=\"elementor-post__read-more\" href=\"https:\/\/smavtgroup.com\/vi\/tong-ket-hoat-dong-tai-vietbeauty-cosmobeaute-vietnam-2024\/\" aria-label=\"Read more about Recap of the Cosmetics Exhibition at Vietbeauty &#038; Cosmobeaut\u00e9 Vietnam 2024\" tabindex=\"-1\" >\n\t\t\tXem th\u00eam\t\t<\/a>\n\n\t\t\t\t<\/div>\n\t\t\t\t<div class=\"elementor-post__meta-data\">\n\t\t\t\t\t<span class=\"elementor-post-date\">\n\t\t\tTh\u00e1ng 8 8, 2024\t\t<\/span>\n\t\t\t\t<span class=\"elementor-post-avatar\">\n\t\t\tKh\u00f4ng c\u00f3 b\u00ecnh lu\u1eadn\t\t<\/span>\n\t\t\t\t<\/div>\n\t\t\t\t\t<\/div>\n\t\t<\/article>\n\t\t\t\t<article class=\"elementor-post elementor-grid-item post-2693 post type-post status-publish format-standard has-post-thumbnail hentry category-news-media\">\n\t\t\t<div class=\"elementor-post__card\">\n\t\t\t\t<a class=\"elementor-post__thumbnail__link\" href=\"https:\/\/smavtgroup.com\/vi\/thong-bao-smavt-tham-gia-trien-lam-viet-beauty-2024\/\" tabindex=\"-1\" ><div class=\"elementor-post__thumbnail\"><img decoding=\"async\" width=\"300\" height=\"191\" src=\"https:\/\/smavtgroup.com\/wp-content\/uploads\/2024\/07\/vietbeauty1-1.png\" class=\"attachment-medium size-medium wp-image-2700\" alt=\"\" srcset=\"https:\/\/smavtgroup.com\/wp-content\/uploads\/2024\/07\/vietbeauty1-1.png 2360w, https:\/\/smavtgroup.com\/wp-content\/uploads\/2024\/07\/vietbeauty1-1-300x191.png 300w, https:\/\/smavtgroup.com\/wp-content\/uploads\/2024\/07\/vietbeauty1-1-1024x651.png 1024w, https:\/\/smavtgroup.com\/wp-content\/uploads\/2024\/07\/vietbeauty1-1-768x488.png 768w, https:\/\/smavtgroup.com\/wp-content\/uploads\/2024\/07\/vietbeauty1-1-1536x976.png 1536w, https:\/\/smavtgroup.com\/wp-content\/uploads\/2024\/07\/vietbeauty1-1-2048x1302.png 2048w, https:\/\/smavtgroup.com\/wp-content\/uploads\/2024\/07\/vietbeauty1-1-18x12.png 18w\" sizes=\"(max-width: 300px) 100vw, 300px\" \/><\/div><\/a>\n\t\t\t\t<div class=\"elementor-post__badge\">Tin t\u1ee9c<\/div>\n\t\t\t\t<div class=\"elementor-post__text\">\n\t\t\t\t<h3 class=\"elementor-post__title\">\n\t\t\t<a href=\"https:\/\/smavtgroup.com\/vi\/thong-bao-smavt-tham-gia-trien-lam-viet-beauty-2024\/\" >\n\t\t\t\tSMAVT THAM GIA TRI\u1ec2N L\u00c3M VIET BEAUTY 2024!\t\t\t<\/a>\n\t\t<\/h3>\n\t\t\t\t<div class=\"elementor-post__excerpt\">\n\t\t\t<p>Ch\u00e0o c\u00e1c \u0111\u1ed1i t\u00e1c v\u00e0 kh\u00e1ch h\u00e0ng c\u1ee7a SMAVT,\nCh\u00fang t\u00f4i r\u1ea5t vui m\u1eebng th\u00f4ng b\u00e1o r\u1eb1ng SMAVT s\u1ebd tham d\u1ef1 Tri\u1ec3n l\u00e3m VIET BEAUTY 2024,<\/p>\n\t\t<\/div>\n\t\t\n\t\t<a class=\"elementor-post__read-more\" href=\"https:\/\/smavtgroup.com\/vi\/thong-bao-smavt-tham-gia-trien-lam-viet-beauty-2024\/\" aria-label=\"Read more about SMAVT PARTICIPATING IN VIET BEAUTY 2024 EXHIBITION!\" tabindex=\"-1\" >\n\t\t\tXem th\u00eam\t\t<\/a>\n\n\t\t\t\t<\/div>\n\t\t\t\t<div class=\"elementor-post__meta-data\">\n\t\t\t\t\t<span class=\"elementor-post-date\">\n\t\t\tTh\u00e1ng 7 4, 2024\t\t<\/span>\n\t\t\t\t<span class=\"elementor-post-avatar\">\n\t\t\tKh\u00f4ng c\u00f3 b\u00ecnh lu\u1eadn\t\t<\/span>\n\t\t\t\t<\/div>\n\t\t\t\t\t<\/div>\n\t\t<\/article>\n\t\t\t\t<article class=\"elementor-post elementor-grid-item post-1707 post type-post status-publish format-standard has-post-thumbnail hentry category-news-media\">\n\t\t\t<div class=\"elementor-post__card\">\n\t\t\t\t<a class=\"elementor-post__thumbnail__link\" href=\"https:\/\/smavtgroup.com\/vi\/skin-rejuvenation-with-mirokal\/\" tabindex=\"-1\" ><div class=\"elementor-post__thumbnail\"><img decoding=\"async\" width=\"300\" height=\"200\" src=\"https:\/\/smavtgroup.com\/wp-content\/uploads\/2021\/08\/CHAG0093-300x200.jpg\" class=\"attachment-medium size-medium wp-image-1708\" alt=\"\" srcset=\"https:\/\/smavtgroup.com\/wp-content\/uploads\/2021\/08\/CHAG0093-300x200.jpg 300w, https:\/\/smavtgroup.com\/wp-content\/uploads\/2021\/08\/CHAG0093-1024x682.jpg 1024w, https:\/\/smavtgroup.com\/wp-content\/uploads\/2021\/08\/CHAG0093-768x512.jpg 768w, https:\/\/smavtgroup.com\/wp-content\/uploads\/2021\/08\/CHAG0093.jpg 1076w\" sizes=\"(max-width: 300px) 100vw, 300px\" \/><\/div><\/a>\n\t\t\t\t<div class=\"elementor-post__badge\">Tin t\u1ee9c<\/div>\n\t\t\t\t<div class=\"elementor-post__text\">\n\t\t\t\t<h3 class=\"elementor-post__title\">\n\t\t\t<a href=\"https:\/\/smavtgroup.com\/vi\/skin-rejuvenation-with-mirokal\/\" >\n\t\t\t\tMIROKAL B\u1eacT M\u00cd B\u00cd QUY\u1ebeT TR\u1eba H\u00d3A L\u00c0N DA\t\t\t<\/a>\n\t\t<\/h3>\n\t\t\t\t<div class=\"elementor-post__excerpt\">\n\t\t\t<p>Bu\u1ed5i tr\u1ea3i nghi\u1ec7m \"Tr\u1ebb h\u00f3a l\u00e0n da c\u00f9ng Mirokal\" di\u1ec5n ra t\u1ea1i Vi\u1ec7n tr\u1ebb h\u00f3a S\u00e0i G\u00f2n d\u00e0nh cho th\u00e0nh vi\u00ean VIP v\u1edbi mong mu\u1ed1n \u0111em \u0111\u1ebfn ph\u01b0\u01a1ng ph\u00e1p ch\u1ed1ng l\u00e3o h\u00f3a da hi\u1ec7n \u0111\u1ea1i v\u00e0 cao c\u1ea5p h\u01a1n.<\/p>\n\t\t<\/div>\n\t\t\n\t\t<a class=\"elementor-post__read-more\" href=\"https:\/\/smavtgroup.com\/vi\/skin-rejuvenation-with-mirokal\/\" aria-label=\"Read more about SKIN REJUVENATION WITH MIROKAL\" tabindex=\"-1\" >\n\t\t\tXem th\u00eam\t\t<\/a>\n\n\t\t\t\t<\/div>\n\t\t\t\t<div class=\"elementor-post__meta-data\">\n\t\t\t\t\t<span class=\"elementor-post-date\">\n\t\t\tTh\u00e1ng 8 25, 2021\t\t<\/span>\n\t\t\t\t<span class=\"elementor-post-avatar\">\n\t\t\tKh\u00f4ng c\u00f3 b\u00ecnh lu\u1eadn\t\t<\/span>\n\t\t\t\t<\/div>\n\t\t\t\t\t<\/div>\n\t\t<\/article>\n\t\t\t\t<article class=\"elementor-post elementor-grid-item post-1704 post type-post status-publish format-standard has-post-thumbnail hentry category-news-media\">\n\t\t\t<div class=\"elementor-post__card\">\n\t\t\t\t<a class=\"elementor-post__thumbnail__link\" href=\"https:\/\/smavtgroup.com\/vi\/perfect-you-skin-care-routine\/\" tabindex=\"-1\" ><div class=\"elementor-post__thumbnail\"><img loading=\"lazy\" decoding=\"async\" width=\"300\" height=\"173\" src=\"https:\/\/smavtgroup.com\/wp-content\/uploads\/2021\/08\/how_much_product_carousel-300x173.jpg\" class=\"attachment-medium size-medium wp-image-1705\" alt=\"\" srcset=\"https:\/\/smavtgroup.com\/wp-content\/uploads\/2021\/08\/how_much_product_carousel-300x173.jpg 300w, https:\/\/smavtgroup.com\/wp-content\/uploads\/2021\/08\/how_much_product_carousel-768x443.jpg 768w, https:\/\/smavtgroup.com\/wp-content\/uploads\/2021\/08\/how_much_product_carousel.jpg 850w\" sizes=\"(max-width: 300px) 100vw, 300px\" \/><\/div><\/a>\n\t\t\t\t<div class=\"elementor-post__badge\">Tin t\u1ee9c<\/div>\n\t\t\t\t<div class=\"elementor-post__text\">\n\t\t\t\t<h3 class=\"elementor-post__title\">\n\t\t\t<a href=\"https:\/\/smavtgroup.com\/vi\/perfect-you-skin-care-routine\/\" >\n\t\t\t\tS\u1ede H\u1eeeU CHU TR\u00ccNH CH\u0102M S\u00d3C DA HO\u00c0N H\u1ea2O\t\t\t<\/a>\n\t\t<\/h3>\n\t\t\t\t<div class=\"elementor-post__excerpt\">\n\t\t\t<p>B\u1ea5t k\u1ec3 lo\u1ea1i da c\u1ee7a b\u1ea1n l\u00e0 g\u00ec, vi\u1ec7c s\u1edf h\u1eefu m\u1ed9t th\u00f3i quen t\u1ed1t c\u00f3 th\u1ec3 gi\u00fap gi\u1eef cho l\u00e0n da c\u1ee7a b\u1ea1n kh\u1ecfe m\u1ea1nh v\u00e0 r\u1ea1ng r\u1ee1 h\u01a1n.<\/p>\n\t\t<\/div>\n\t\t\n\t\t<a class=\"elementor-post__read-more\" href=\"https:\/\/smavtgroup.com\/vi\/perfect-you-skin-care-routine\/\" aria-label=\"Read more about PERFECT YOU SKIN CARE ROUTINE\" tabindex=\"-1\" >\n\t\t\tXem th\u00eam\t\t<\/a>\n\n\t\t\t\t<\/div>\n\t\t\t\t<div class=\"elementor-post__meta-data\">\n\t\t\t\t\t<span class=\"elementor-post-date\">\n\t\t\tTh\u00e1ng 8 25, 2021\t\t<\/span>\n\t\t\t\t<span class=\"elementor-post-avatar\">\n\t\t\tKh\u00f4ng c\u00f3 b\u00ecnh lu\u1eadn\t\t<\/span>\n\t\t\t\t<\/div>\n\t\t\t\t\t<\/div>\n\t\t<\/article>\n\t\t\t\t<article class=\"elementor-post elementor-grid-item post-1694 post type-post status-publish format-standard has-post-thumbnail hentry category-news-media\">\n\t\t\t<div class=\"elementor-post__card\">\n\t\t\t\t<a class=\"elementor-post__thumbnail__link\" href=\"https:\/\/smavtgroup.com\/vi\/the-importance-of-partnership-in-business\/\" tabindex=\"-1\" ><div class=\"elementor-post__thumbnail\"><img loading=\"lazy\" decoding=\"async\" width=\"300\" height=\"148\" src=\"https:\/\/smavtgroup.com\/wp-content\/uploads\/2021\/08\/17a6fe02-the-importance-of-partnership-in-business-300x148.jpg\" class=\"attachment-medium size-medium wp-image-1695\" alt=\"\" srcset=\"https:\/\/smavtgroup.com\/wp-content\/uploads\/2021\/08\/17a6fe02-the-importance-of-partnership-in-business-300x148.jpg 300w, https:\/\/smavtgroup.com\/wp-content\/uploads\/2021\/08\/17a6fe02-the-importance-of-partnership-in-business-768x379.jpg 768w, https:\/\/smavtgroup.com\/wp-content\/uploads\/2021\/08\/17a6fe02-the-importance-of-partnership-in-business.jpg 970w\" sizes=\"(max-width: 300px) 100vw, 300px\" \/><\/div><\/a>\n\t\t\t\t<div class=\"elementor-post__badge\">Tin t\u1ee9c<\/div>\n\t\t\t\t<div class=\"elementor-post__text\">\n\t\t\t\t<h3 class=\"elementor-post__title\">\n\t\t\t<a href=\"https:\/\/smavtgroup.com\/vi\/the-importance-of-partnership-in-business\/\" >\n\t\t\t\tT\u1ea6M QUAN TR\u1eccNG C\u1ee6A H\u1ee2P T\u00c1C TRONG KINH DOANH\t\t\t<\/a>\n\t\t<\/h3>\n\t\t\t\t<div class=\"elementor-post__excerpt\">\n\t\t\t<p>Quan h\u1ec7 \u0111\u1ed1i t\u00e1c lu\u00f4n \u0111\u01b0\u1ee3c xem l\u00e0 v\u1ea5n \u0111\u1ec1 c\u1ea7n l\u01b0u \u00fd h\u00e0ng \u0111\u1ea7u trong s\u1ef1 ph\u00e1t tri\u1ec3n c\u1ee7a b\u1ea5t k\u1ef3 phi v\u1ee5 li\u00ean k\u1ebft kinh doanh n\u00e0o.<\/p>\n\t\t<\/div>\n\t\t\n\t\t<a class=\"elementor-post__read-more\" href=\"https:\/\/smavtgroup.com\/vi\/the-importance-of-partnership-in-business\/\" aria-label=\"Read more about THE IMPORTANCE OF PARTNERSHIP IN BUSINESS\" tabindex=\"-1\" >\n\t\t\tXem th\u00eam\t\t<\/a>\n\n\t\t\t\t<\/div>\n\t\t\t\t<div class=\"elementor-post__meta-data\">\n\t\t\t\t\t<span class=\"elementor-post-date\">\n\t\t\tTh\u00e1ng 8 25, 2021\t\t<\/span>\n\t\t\t\t<span class=\"elementor-post-avatar\">\n\t\t\tKh\u00f4ng c\u00f3 b\u00ecnh lu\u1eadn\t\t<\/span>\n\t\t\t\t<\/div>\n\t\t\t\t\t<\/div>\n\t\t<\/article>\n\t\t\t\t<\/div>\n\t\t\n\t\t\t\t\t\t<\/div>\n\t\t\t\t<\/div>\n\t\t\t\t\t<\/div>\n\t\t<\/div>\n\t\t\t\t\t<\/div>\n\t\t<\/section>\n\t\t\t\t<\/div>","protected":false},"excerpt":{"rendered":"<p>Theo d\u00f5i tin t\u1ee9c m\u1edbi nh\u1ea5t c\u1ee7a SMAVT<\/p>","protected":false},"author":1,"featured_media":0,"parent":0,"menu_order":4,"comment_status":"closed","ping_status":"closed","template":"","meta":{"inline_featured_image":false,"footnotes":""},"class_list":["post-1210","page","type-page","status-publish","hentry"],"_links":{"self":[{"href":"https:\/\/smavtgroup.com\/vi\/wp-json\/wp\/v2\/pages\/1210","targetHints":{"allow":["GET"]}}],"collection":[{"href":"https:\/\/smavtgroup.com\/vi\/wp-json\/wp\/v2\/pages"}],"about":[{"href":"https:\/\/smavtgroup.com\/vi\/wp-json\/wp\/v2\/types\/page"}],"author":[{"embeddable":true,"href":"https:\/\/smavtgroup.com\/vi\/wp-json\/wp\/v2\/users\/1"}],"replies":[{"embeddable":true,"href":"https:\/\/smavtgroup.com\/vi\/wp-json\/wp\/v2\/comments?post=1210"}],"version-history":[{"count":3,"href":"https:\/\/smavtgroup.com\/vi\/wp-json\/wp\/v2\/pages\/1210\/revisions"}],"predecessor-version":[{"id":2578,"href":"https:\/\/smavtgroup.com\/vi\/wp-json\/wp\/v2\/pages\/1210\/revisions\/2578"}],"wp:attachment":[{"href":"https:\/\/smavtgroup.com\/vi\/wp-json\/wp\/v2\/media?parent=1210"}],"curies":[{"name":"wp","href":"https:\/\/api.w.org\/{rel}","templated":true}]}}