{"id":1500,"date":"2021-08-25T15:07:48","date_gmt":"2021-08-25T15:07:48","guid":{"rendered":"https:\/\/smavt.wamstore.com\/?page_id=1500"},"modified":"2022-11-28T15:52:20","modified_gmt":"2022-11-28T08:52:20","slug":"core-values-of-smavt","status":"publish","type":"page","link":"https:\/\/smavtgroup.com\/vi\/about-us\/core-values-of-smavt\/","title":{"rendered":"Gi\u00e1 tr\u1ecb c\u1ed1t l\u00f5i"},"content":{"rendered":"<div data-elementor-type=\"wp-page\" data-elementor-id=\"1500\" class=\"elementor elementor-1500\" data-elementor-post-type=\"page\">\n\t\t\t\t\t\t<section class=\"elementor-section elementor-top-section elementor-element elementor-element-0744403 elementor-section-content-middle elementor-section-boxed elementor-section-height-default elementor-section-height-default\" data-id=\"0744403\" data-element_type=\"section\" data-settings=\"{&quot;background_background&quot;:&quot;classic&quot;}\">\n\t\t\t\t\t\t\t<div class=\"elementor-background-overlay\"><\/div>\n\t\t\t\t\t\t\t<div class=\"elementor-container elementor-column-gap-no\">\n\t\t\t\t\t<div class=\"elementor-column elementor-col-100 elementor-top-column elementor-element elementor-element-6dfeb51\" data-id=\"6dfeb51\" data-element_type=\"column\">\n\t\t\t<div class=\"elementor-widget-wrap elementor-element-populated\">\n\t\t\t\t\t\t<div class=\"elementor-element elementor-element-3ceccb2 elementor-widget elementor-widget-heading\" data-id=\"3ceccb2\" data-element_type=\"widget\" data-widget_type=\"heading.default\">\n\t\t\t\t<div class=\"elementor-widget-container\">\n\t\t\t\t\t<h1 class=\"elementor-heading-title elementor-size-default\">Gi\u00e1 tr\u1ecb c\u1ed1t l\u00f5i<\/h1>\t\t\t\t<\/div>\n\t\t\t\t<\/div>\n\t\t\t\t<div class=\"elementor-element elementor-element-552578a elementor-widget elementor-widget-text-editor\" data-id=\"552578a\" data-element_type=\"widget\" data-widget_type=\"text-editor.default\">\n\t\t\t\t<div class=\"elementor-widget-container\">\n\t\t\t\t\t\t\t\t\t<p>C\u00f9ng hi\u1ec3u v\u1ec1 SMAVT<\/p>\t\t\t\t\t\t\t\t<\/div>\n\t\t\t\t<\/div>\n\t\t\t\t\t<\/div>\n\t\t<\/div>\n\t\t\t\t\t<\/div>\n\t\t<\/section>\n\t\t\t\t<section class=\"elementor-section elementor-top-section elementor-element elementor-element-1bb7e765 elementor-section-content-middle elementor-section-boxed elementor-section-height-default elementor-section-height-default\" data-id=\"1bb7e765\" data-element_type=\"section\" data-settings=\"{&quot;background_background&quot;:&quot;classic&quot;}\">\n\t\t\t\t\t\t<div class=\"elementor-container elementor-column-gap-extended\">\n\t\t\t\t\t<div class=\"elementor-column elementor-col-50 elementor-top-column elementor-element elementor-element-24b48ece\" data-id=\"24b48ece\" data-element_type=\"column\">\n\t\t\t<div class=\"elementor-widget-wrap elementor-element-populated\">\n\t\t\t\t\t\t<div class=\"elementor-element elementor-element-2780e3c8 elementor-widget elementor-widget-image\" data-id=\"2780e3c8\" data-element_type=\"widget\" data-widget_type=\"image.default\">\n\t\t\t\t<div class=\"elementor-widget-container\">\n\t\t\t\t\t\t\t\t\t\t\t\t\t\t\t<img fetchpriority=\"high\" decoding=\"async\" width=\"800\" height=\"800\" src=\"https:\/\/smavtgroup.com\/wp-content\/uploads\/2021\/08\/connect-new.jpg\" class=\"attachment-large size-large wp-image-1373\" alt=\"\" srcset=\"https:\/\/smavtgroup.com\/wp-content\/uploads\/2021\/08\/connect-new.jpg 800w, https:\/\/smavtgroup.com\/wp-content\/uploads\/2021\/08\/connect-new-300x300.jpg 300w, https:\/\/smavtgroup.com\/wp-content\/uploads\/2021\/08\/connect-new-150x150.jpg 150w, https:\/\/smavtgroup.com\/wp-content\/uploads\/2021\/08\/connect-new-768x768.jpg 768w\" sizes=\"(max-width: 800px) 100vw, 800px\" \/>\t\t\t\t\t\t\t\t\t\t\t\t\t\t\t<\/div>\n\t\t\t\t<\/div>\n\t\t\t\t\t<\/div>\n\t\t<\/div>\n\t\t\t\t<div class=\"elementor-column elementor-col-50 elementor-top-column elementor-element elementor-element-22a31700\" data-id=\"22a31700\" data-element_type=\"column\">\n\t\t\t<div class=\"elementor-widget-wrap elementor-element-populated\">\n\t\t\t\t\t\t<div class=\"elementor-element elementor-element-3283454a elementor-widget elementor-widget-heading\" data-id=\"3283454a\" data-element_type=\"widget\" data-widget_type=\"heading.default\">\n\t\t\t\t<div class=\"elementor-widget-container\">\n\t\t\t\t\t<h5 class=\"elementor-heading-title elementor-size-default\">K\u1ebeT N\u1ed0I CON NG\u01af\u1edcI<\/h5>\t\t\t\t<\/div>\n\t\t\t\t<\/div>\n\t\t\t\t<div class=\"elementor-element elementor-element-646e5036 elementor-widget elementor-widget-text-editor\" data-id=\"646e5036\" data-element_type=\"widget\" data-widget_type=\"text-editor.default\">\n\t\t\t\t<div class=\"elementor-widget-container\">\n\t\t\t\t\t\t\t\t\t<p><b>C\u1ed9ng t\u00e1c<\/b><span style=\"font-weight: 400;\">: Theo \u0111u\u1ed5i m\u1ee5c ti\u00eau v\u00e0 \u0111\u00e1p \u1ee9ng nhu c\u1ea7u l\u00e0m \u0111\u1eb9p c\u1ee7a kh\u00e1ch h\u00e0ng<\/span><\/p><p><span style=\"font-weight: 400;\">C\u00f9ng nhau, ch\u00fang ta s\u1ebd chi\u1ebfn th\u1eafng. Ch\u00fang t\u00f4i h\u01b0\u1edbng t\u1edbi m\u1ee5c ti\u00eau m\u1edf r\u1ed9ng s\u1ea3n ph\u1ea9m v\u00e0 d\u1ecbch v\u1ee5 c\u1ee7a m\u00ecnh \u0111\u1ec3 cung c\u1ea5p nhi\u1ec1u gi\u1ea3i ph\u00e1p nh\u1eb1m n\u00e2ng cao ho\u1ea1t \u0111\u1ed9ng kinh doanh c\u1ee7a c\u00e1c \u0111\u1ed1i t\u00e1c.<\/span><\/p><p><b>Con ng\u01b0\u1eddi<\/b><span style=\"font-weight: 400;\">: T\u1ea1o ra chu tr\u00ecnh ch\u0103m s\u00f3c c\u00e1 nh\u00e2n cho cu\u1ed9c s\u1ed1ng th\u00eam tr\u1ecdn v\u1eb9n<\/span><\/p><p><span style=\"font-weight: 400;\">Ch\u00fang t\u00f4i x\u00e2y d\u1ef1ng m\u1ed9t c\u1ed9ng \u0111\u1ed3ng, n\u01a1i m\u1ecdi ng\u01b0\u1eddi c\u00f3 th\u1ec3 chia s\u1ebb kinh nghi\u1ec7m v\u00e0 c\u00e2u chuy\u1ec7n c\u1ee7a m\u1ed7i c\u00e1 nh\u00e2n, nh\u1eb1m truy\u1ec1n \u0111\u1ea1t m\u1ee5c ti\u00eau tr\u1edf n\u00ean t\u1ecfa s\u00e1ng h\u01a1n m\u1ed7i ng\u00e0y, t\u1eeb b\u00ean trong ra ngo\u00e0i.<\/span><\/p><p><b>Chuy\u00ean gia<\/b><span style=\"font-weight: 400;\">: \u0110\u01b0a ra l\u1eddi khuy\u00ean c\u00f3 gi\u00e1 tr\u1ecb<\/span><\/p><p><span style=\"font-weight: 400;\">D\u01b0\u1edbi s\u1ef1 t\u01b0 v\u1ea5n t\u1eeb c\u00e1c chuy\u00ean gia c\u00f3 chuy\u00ean m\u00f4n v\u00e0 d\u1ef1a tr\u00ean c\u00e1c nghi\u00ean c\u1ee9u khoa h\u1ecdc s\u1ebd gi\u00fap b\u1ea1n hi\u1ec3u r\u00f5 t\u1eeb ngu\u1ed3n g\u1ed1c th\u00e0nh ph\u1ea7n v\u00e0 ph\u01b0\u01a1ng ph\u00e1p ph\u00f9 h\u1ee3p \u0111\u1ec3 t\u1ed1i \u01b0u h\u00f3a ch\u1ee9c n\u0103ng c\u1ee7a s\u1ea3n ph\u1ea9m. \u0110\u00e2y s\u1ebd l\u00e0 ngu\u1ed3n ki\u1ebfn th\u1ee9c \u0111\u00e1ng tin c\u1eady.\u00a0 <\/span><\/p>\t\t\t\t\t\t\t\t<\/div>\n\t\t\t\t<\/div>\n\t\t\t\t\t<\/div>\n\t\t<\/div>\n\t\t\t\t\t<\/div>\n\t\t<\/section>\n\t\t\t\t<section class=\"elementor-section elementor-top-section elementor-element elementor-element-1af93f11 elementor-section-content-middle elementor-section-boxed elementor-section-height-default elementor-section-height-default\" data-id=\"1af93f11\" data-element_type=\"section\" data-settings=\"{&quot;background_background&quot;:&quot;classic&quot;}\">\n\t\t\t\t\t\t<div class=\"elementor-container elementor-column-gap-extended\">\n\t\t\t\t\t<div class=\"elementor-column elementor-col-50 elementor-top-column elementor-element elementor-element-5c55fe9\" data-id=\"5c55fe9\" data-element_type=\"column\">\n\t\t\t<div class=\"elementor-widget-wrap elementor-element-populated\">\n\t\t\t\t\t\t<div class=\"elementor-element elementor-element-77d65355 elementor-widget elementor-widget-image\" data-id=\"77d65355\" data-element_type=\"widget\" data-widget_type=\"image.default\">\n\t\t\t\t<div class=\"elementor-widget-container\">\n\t\t\t\t\t\t\t\t\t\t\t\t\t\t\t<img decoding=\"async\" width=\"800\" height=\"800\" src=\"https:\/\/smavtgroup.com\/wp-content\/uploads\/2021\/08\/quality.jpg\" class=\"attachment-large size-large wp-image-1381\" alt=\"\" srcset=\"https:\/\/smavtgroup.com\/wp-content\/uploads\/2021\/08\/quality.jpg 800w, https:\/\/smavtgroup.com\/wp-content\/uploads\/2021\/08\/quality-300x300.jpg 300w, https:\/\/smavtgroup.com\/wp-content\/uploads\/2021\/08\/quality-150x150.jpg 150w, https:\/\/smavtgroup.com\/wp-content\/uploads\/2021\/08\/quality-768x768.jpg 768w\" sizes=\"(max-width: 800px) 100vw, 800px\" \/>\t\t\t\t\t\t\t\t\t\t\t\t\t\t\t<\/div>\n\t\t\t\t<\/div>\n\t\t\t\t\t<\/div>\n\t\t<\/div>\n\t\t\t\t<div class=\"elementor-column elementor-col-50 elementor-top-column elementor-element elementor-element-3a4a90b7\" data-id=\"3a4a90b7\" data-element_type=\"column\" data-settings=\"{&quot;background_background&quot;:&quot;classic&quot;}\">\n\t\t\t<div class=\"elementor-widget-wrap elementor-element-populated\">\n\t\t\t\t\t\t<div class=\"elementor-element elementor-element-6319a35a elementor-widget elementor-widget-heading\" data-id=\"6319a35a\" data-element_type=\"widget\" data-widget_type=\"heading.default\">\n\t\t\t\t<div class=\"elementor-widget-container\">\n\t\t\t\t\t<h5 class=\"elementor-heading-title elementor-size-default\">CH\u1ea4T L\u01af\u1ee2NG V\u01af\u1ee2T TR\u1ed8I \n<\/h5>\t\t\t\t<\/div>\n\t\t\t\t<\/div>\n\t\t\t\t<div class=\"elementor-element elementor-element-4fa89b66 elementor-position-left elementor-view-default elementor-mobile-position-top elementor-vertical-align-top elementor-widget elementor-widget-icon-box\" data-id=\"4fa89b66\" data-element_type=\"widget\" data-widget_type=\"icon-box.default\">\n\t\t\t\t<div class=\"elementor-widget-container\">\n\t\t\t\t\t\t\t<div class=\"elementor-icon-box-wrapper\">\n\n\t\t\t\t\t\t<div class=\"elementor-icon-box-icon\">\n\t\t\t\t<span  class=\"elementor-icon\">\n\t\t\t\t<i aria-hidden=\"true\" class=\"far fa-gem\"><\/i>\t\t\t\t<\/span>\n\t\t\t<\/div>\n\t\t\t\n\t\t\t\t\t\t<div class=\"elementor-icon-box-content\">\n\n\t\t\t\t\t\t\t\t\t<h5 class=\"elementor-icon-box-title\">\n\t\t\t\t\t\t<span  >\n\t\t\t\t\t\t\t\u0110\u1ea3m b\u1ea3o ch\u1ea5t l\u01b0\u1ee3ng s\u1ea3n ph\u1ea9m, d\u1ecbch v\u1ee5 theo c\u00e1ch ch\u00fang t\u00f4i l\u1ef1a ch\u1ecdn th\u01b0\u01a1ng hi\u1ec7u\t\t\t\t\t\t<\/span>\n\t\t\t\t\t<\/h5>\n\t\t\t\t\n\t\t\t\t\t\t\t\t\t<p class=\"elementor-icon-box-description\">\n\t\t\t\t\t\tQuan t\u00e2m \u0111\u1ebfn ngu\u1ed3n g\u1ed1c th\u00e0nh ph\u1ea7n<br \/>\nQu\u00e1 tr\u00ecnh s\u1ea3n xu\u1ea5t minh b\u1ea1ch<br \/>\nTu\u00e2n th\u1ee7 quy \u0111\u1ecbnh s\u1ea3n ph\u1ea9m qu\u1ed1c t\u1ebf\n\t\t\t\t\t<\/p>\n\t\t\t\t\n\t\t\t<\/div>\n\t\t\t\n\t\t<\/div>\n\t\t\t\t\t\t<\/div>\n\t\t\t\t<\/div>\n\t\t\t\t<div class=\"elementor-element elementor-element-6b396cec elementor-position-left elementor-view-default elementor-mobile-position-top elementor-vertical-align-top elementor-widget elementor-widget-icon-box\" data-id=\"6b396cec\" data-element_type=\"widget\" data-widget_type=\"icon-box.default\">\n\t\t\t\t<div class=\"elementor-widget-container\">\n\t\t\t\t\t\t\t<div class=\"elementor-icon-box-wrapper\">\n\n\t\t\t\t\t\t<div class=\"elementor-icon-box-icon\">\n\t\t\t\t<span  class=\"elementor-icon\">\n\t\t\t\t<i aria-hidden=\"true\" class=\"fas fa-tasks\"><\/i>\t\t\t\t<\/span>\n\t\t\t<\/div>\n\t\t\t\n\t\t\t\t\t\t<div class=\"elementor-icon-box-content\">\n\n\t\t\t\t\t\t\t\t\t<h5 class=\"elementor-icon-box-title\">\n\t\t\t\t\t\t<span  >\n\t\t\t\t\t\t\tD\u1ecbch v\u1ee5 v\u1eadn chuy\u1ec3n t\u1eadn n\u01a1i\t\t\t\t\t\t<\/span>\n\t\t\t\t\t<\/h5>\n\t\t\t\t\n\t\t\t\t\t\t\t\t\t<p class=\"elementor-icon-box-description\">\n\t\t\t\t\t\tTi\u00eau chu\u1ea9n l\u01b0u tr\u1eef t\u1ed1t nh\u1ea5t<br \/>\nQu\u1ea3n l\u00fd v\u1eadn chuy\u1ec3n th\u00f4ng minh<br \/>\nQu\u1ea3n l\u00fd v\u1eadn chuy\u1ec3n \u0111\u00fang th\u1eddi gian<br \/>\n\t\t\t\t\t<\/p>\n\t\t\t\t\n\t\t\t<\/div>\n\t\t\t\n\t\t<\/div>\n\t\t\t\t\t\t<\/div>\n\t\t\t\t<\/div>\n\t\t\t\t<div class=\"elementor-element elementor-element-3adaff40 elementor-position-left elementor-view-default elementor-mobile-position-top elementor-vertical-align-top elementor-widget elementor-widget-icon-box\" data-id=\"3adaff40\" data-element_type=\"widget\" data-widget_type=\"icon-box.default\">\n\t\t\t\t<div class=\"elementor-widget-container\">\n\t\t\t\t\t\t\t<div class=\"elementor-icon-box-wrapper\">\n\n\t\t\t\t\t\t<div class=\"elementor-icon-box-icon\">\n\t\t\t\t<span  class=\"elementor-icon\">\n\t\t\t\t<i aria-hidden=\"true\" class=\"fas fa-briefcase-medical\"><\/i>\t\t\t\t<\/span>\n\t\t\t<\/div>\n\t\t\t\n\t\t\t\t\t\t<div class=\"elementor-icon-box-content\">\n\n\t\t\t\t\t\t\t\t\t<h5 class=\"elementor-icon-box-title\">\n\t\t\t\t\t\t<span  >\n\t\t\t\t\t\t\t\u0110o l\u01b0\u1eddng hi\u1ec7u qu\u1ea3 s\u1ea3n ph\u1ea9m\t\t\t\t\t\t<\/span>\n\t\t\t\t\t<\/h5>\n\t\t\t\t\n\t\t\t\t\t\t\t\t\t<p class=\"elementor-icon-box-description\">\n\t\t\t\t\t\tL\u1eddi ph\u1ea3n h\u1ed3i\/ch\u1ee9ng th\u1ef1c t\u1eeb ch\u00ednh kh\u00e1ch h\u00e0ng<br \/>\nCh\u1ee9ng nh\u1eadn t\u1eeb chuy\u00ean gia &amp; b\u00e1c s\u0129\nda li\u1ec5u\n\t\t\t\t\t<\/p>\n\t\t\t\t\n\t\t\t<\/div>\n\t\t\t\n\t\t<\/div>\n\t\t\t\t\t\t<\/div>\n\t\t\t\t<\/div>\n\t\t\t\t\t<\/div>\n\t\t<\/div>\n\t\t\t\t\t<\/div>\n\t\t<\/section>\n\t\t\t\t<section class=\"elementor-section elementor-top-section elementor-element elementor-element-3c6cf4a3 elementor-section-content-middle elementor-section-boxed elementor-section-height-default elementor-section-height-default\" data-id=\"3c6cf4a3\" data-element_type=\"section\" data-settings=\"{&quot;background_background&quot;:&quot;classic&quot;}\">\n\t\t\t\t\t\t<div class=\"elementor-container elementor-column-gap-extended\">\n\t\t\t\t\t<div class=\"elementor-column elementor-col-50 elementor-top-column elementor-element elementor-element-15e8193a\" data-id=\"15e8193a\" data-element_type=\"column\">\n\t\t\t<div class=\"elementor-widget-wrap elementor-element-populated\">\n\t\t\t\t\t\t<div class=\"elementor-element elementor-element-4c05f858 elementor-widget elementor-widget-image\" data-id=\"4c05f858\" data-element_type=\"widget\" data-widget_type=\"image.default\">\n\t\t\t\t<div class=\"elementor-widget-container\">\n\t\t\t\t\t\t\t\t\t\t\t\t\t\t\t<img decoding=\"async\" width=\"800\" height=\"800\" src=\"https:\/\/smavtgroup.com\/wp-content\/uploads\/2021\/08\/commitment.jpg\" class=\"attachment-large size-large wp-image-1411\" alt=\"\" srcset=\"https:\/\/smavtgroup.com\/wp-content\/uploads\/2021\/08\/commitment.jpg 800w, https:\/\/smavtgroup.com\/wp-content\/uploads\/2021\/08\/commitment-300x300.jpg 300w, https:\/\/smavtgroup.com\/wp-content\/uploads\/2021\/08\/commitment-150x150.jpg 150w, https:\/\/smavtgroup.com\/wp-content\/uploads\/2021\/08\/commitment-768x768.jpg 768w\" sizes=\"(max-width: 800px) 100vw, 800px\" \/>\t\t\t\t\t\t\t\t\t\t\t\t\t\t\t<\/div>\n\t\t\t\t<\/div>\n\t\t\t\t\t<\/div>\n\t\t<\/div>\n\t\t\t\t<div class=\"elementor-column elementor-col-50 elementor-top-column elementor-element elementor-element-89df75f\" data-id=\"89df75f\" data-element_type=\"column\">\n\t\t\t<div class=\"elementor-widget-wrap elementor-element-populated\">\n\t\t\t\t\t\t<div class=\"elementor-element elementor-element-3e45dd3 elementor-widget elementor-widget-heading\" data-id=\"3e45dd3\" data-element_type=\"widget\" data-widget_type=\"heading.default\">\n\t\t\t\t<div class=\"elementor-widget-container\">\n\t\t\t\t\t<h5 class=\"elementor-heading-title elementor-size-default\">CAM K\u1ebeT B\u1ec0N L\u00c2U<\/h5>\t\t\t\t<\/div>\n\t\t\t\t<\/div>\n\t\t\t\t<div class=\"elementor-element elementor-element-6b511fb elementor-widget elementor-widget-heading\" data-id=\"6b511fb\" data-element_type=\"widget\" data-widget_type=\"heading.default\">\n\t\t\t\t<div class=\"elementor-widget-container\">\n\t\t\t\t\t<h2 class=\"elementor-heading-title elementor-size-default\">C\u00f9ng SMAVT ph\u00e1t tri\u1ec3n v\u00e0 n\u00e2ng cao s\u1ef1 h\u00e0i l\u00f2ng c\u1ee7a kh\u00e1ch h\u00e0ng.<\/h2>\t\t\t\t<\/div>\n\t\t\t\t<\/div>\n\t\t\t\t<div class=\"elementor-element elementor-element-2a2b3c7e elementor-widget elementor-widget-text-editor\" data-id=\"2a2b3c7e\" data-element_type=\"widget\" data-widget_type=\"text-editor.default\">\n\t\t\t\t<div class=\"elementor-widget-container\">\n\t\t\t\t\t\t\t\t\t<p><strong>Quan h\u1ec7 \u0111\u1ed1i t\u00e1c b\u1ec1n v\u1eefng v\u00e0 \u01b0u t\u00edn. <\/strong><\/p>\t\t\t\t\t\t\t\t<\/div>\n\t\t\t\t<\/div>\n\t\t\t\t<div class=\"elementor-element elementor-element-23f0ea3d elementor-icon-list--layout-traditional elementor-list-item-link-full_width elementor-widget elementor-widget-icon-list\" data-id=\"23f0ea3d\" data-element_type=\"widget\" data-widget_type=\"icon-list.default\">\n\t\t\t\t<div class=\"elementor-widget-container\">\n\t\t\t\t\t\t\t<ul class=\"elementor-icon-list-items\">\n\t\t\t\t\t\t\t<li class=\"elementor-icon-list-item\">\n\t\t\t\t\t\t\t\t\t\t\t<span class=\"elementor-icon-list-icon\">\n\t\t\t\t\t\t\t<i aria-hidden=\"true\" class=\"fas fa-dot-circle\"><\/i>\t\t\t\t\t\t<\/span>\n\t\t\t\t\t\t\t\t\t\t<span class=\"elementor-icon-list-text\">\u01afU \u0110\u00c3I V\u00c0 PH\u1ea6N TH\u01af\u1edeNG H\u1ea4P D\u1eaaN<\/span>\n\t\t\t\t\t\t\t\t\t<\/li>\n\t\t\t\t\t\t\t\t<li class=\"elementor-icon-list-item\">\n\t\t\t\t\t\t\t\t\t\t\t<span class=\"elementor-icon-list-icon\">\n\t\t\t\t\t\t\t<i aria-hidden=\"true\" class=\"fas fa-dot-circle\"><\/i>\t\t\t\t\t\t<\/span>\n\t\t\t\t\t\t\t\t\t\t<span class=\"elementor-icon-list-text\">C\u1ea2I TI\u1ebeN S\u1ea2N PH\u1ea8M<\/span>\n\t\t\t\t\t\t\t\t\t<\/li>\n\t\t\t\t\t\t\t\t<li class=\"elementor-icon-list-item\">\n\t\t\t\t\t\t\t\t\t\t\t<span class=\"elementor-icon-list-icon\">\n\t\t\t\t\t\t\t<i aria-hidden=\"true\" class=\"fas fa-dot-circle\"><\/i>\t\t\t\t\t\t<\/span>\n\t\t\t\t\t\t\t\t\t\t<span class=\"elementor-icon-list-text\">D\u1ecaCH V\u1ee4 SAU B\u00c1N H\u00c0NG TH\u1ef0C TI\u1ec4N<\/span>\n\t\t\t\t\t\t\t\t\t<\/li>\n\t\t\t\t\t\t\t\t<li class=\"elementor-icon-list-item\">\n\t\t\t\t\t\t\t\t\t\t\t<span class=\"elementor-icon-list-icon\">\n\t\t\t\t\t\t\t<i aria-hidden=\"true\" class=\"fas fa-dot-circle\"><\/i>\t\t\t\t\t\t<\/span>\n\t\t\t\t\t\t\t\t\t\t<span class=\"elementor-icon-list-text\">H\u1ee2P \u0110\u1ed2NG TR\u01afNG B\u00c0Y<\/span>\n\t\t\t\t\t\t\t\t\t<\/li>\n\t\t\t\t\t\t<\/ul>\n\t\t\t\t\t\t<\/div>\n\t\t\t\t<\/div>\n\t\t\t\t\t<\/div>\n\t\t<\/div>\n\t\t\t\t\t<\/div>\n\t\t<\/section>\n\t\t\t\t<\/div>","protected":false},"excerpt":{"rendered":"<p>Our Company Semper tellus, tellus at eu platea lorem est a amet tincidunt nulla orci vulputate tellus felis. At A Glance Tristique donec id velit imperdiet tellus tempus nisi elit, orci at eu, urna, hendrerit neque, vivamus id varius tincidunt varius tempor etiam id bibendum ac faucibus vitae magna in senectus suscipit morbi. Dolor pretium &hellip;<\/p>\n<p class=\"read-more\"> <a class=\"\" href=\"https:\/\/websitedemos.net\/pharmaceutical-02\/company\/\"> <span class=\"screen-reader-text\">Company<\/span> Read More &raquo;<\/a><\/p>","protected":false},"author":1,"featured_media":0,"parent":952,"menu_order":3,"comment_status":"closed","ping_status":"closed","template":"","meta":{"inline_featured_image":false,"footnotes":""},"class_list":["post-1500","page","type-page","status-publish","hentry"],"_links":{"self":[{"href":"https:\/\/smavtgroup.com\/vi\/wp-json\/wp\/v2\/pages\/1500","targetHints":{"allow":["GET"]}}],"collection":[{"href":"https:\/\/smavtgroup.com\/vi\/wp-json\/wp\/v2\/pages"}],"about":[{"href":"https:\/\/smavtgroup.com\/vi\/wp-json\/wp\/v2\/types\/page"}],"author":[{"embeddable":true,"href":"https:\/\/smavtgroup.com\/vi\/wp-json\/wp\/v2\/users\/1"}],"replies":[{"embeddable":true,"href":"https:\/\/smavtgroup.com\/vi\/wp-json\/wp\/v2\/comments?post=1500"}],"version-history":[{"count":3,"href":"https:\/\/smavtgroup.com\/vi\/wp-json\/wp\/v2\/pages\/1500\/revisions"}],"predecessor-version":[{"id":2572,"href":"https:\/\/smavtgroup.com\/vi\/wp-json\/wp\/v2\/pages\/1500\/revisions\/2572"}],"up":[{"embeddable":true,"href":"https:\/\/smavtgroup.com\/vi\/wp-json\/wp\/v2\/pages\/952"}],"wp:attachment":[{"href":"https:\/\/smavtgroup.com\/vi\/wp-json\/wp\/v2\/media?parent=1500"}],"curies":[{"name":"wp","href":"https:\/\/api.w.org\/{rel}","templated":true}]}}