{"id":1516,"date":"2021-08-25T15:26:30","date_gmt":"2021-08-25T15:26:30","guid":{"rendered":"https:\/\/smavt.wamstore.com\/?page_id=1516"},"modified":"2022-11-28T15:51:08","modified_gmt":"2022-11-28T08:51:08","slug":"message-from-founder","status":"publish","type":"page","link":"https:\/\/smavtgroup.com\/vi\/about-us\/message-from-founder\/","title":{"rendered":"Th\u00f4ng \u0111i\u1ec7p"},"content":{"rendered":"<div data-elementor-type=\"wp-page\" data-elementor-id=\"1516\" class=\"elementor elementor-1516\" data-elementor-post-type=\"page\">\n\t\t\t\t\t\t<section class=\"elementor-section elementor-top-section elementor-element elementor-element-0744403 elementor-section-content-middle elementor-section-boxed elementor-section-height-default elementor-section-height-default\" data-id=\"0744403\" data-element_type=\"section\" data-settings=\"{&quot;background_background&quot;:&quot;classic&quot;}\">\n\t\t\t\t\t\t\t<div class=\"elementor-background-overlay\"><\/div>\n\t\t\t\t\t\t\t<div class=\"elementor-container elementor-column-gap-no\">\n\t\t\t\t\t<div class=\"elementor-column elementor-col-100 elementor-top-column elementor-element elementor-element-6dfeb51\" data-id=\"6dfeb51\" data-element_type=\"column\">\n\t\t\t<div class=\"elementor-widget-wrap elementor-element-populated\">\n\t\t\t\t\t\t<div class=\"elementor-element elementor-element-3ceccb2 elementor-widget elementor-widget-heading\" data-id=\"3ceccb2\" data-element_type=\"widget\" data-widget_type=\"heading.default\">\n\t\t\t\t<div class=\"elementor-widget-container\">\n\t\t\t\t\t<h1 class=\"elementor-heading-title elementor-size-default\">Th\u00f4ng \u0111i\u1ec7p<\/h1>\t\t\t\t<\/div>\n\t\t\t\t<\/div>\n\t\t\t\t<div class=\"elementor-element elementor-element-552578a elementor-widget elementor-widget-text-editor\" data-id=\"552578a\" data-element_type=\"widget\" data-widget_type=\"text-editor.default\">\n\t\t\t\t<div class=\"elementor-widget-container\">\n\t\t\t\t\t\t\t\t\t<p>C\u00f9ng hi\u1ec3u v\u1ec1 SMAVT<\/p>\t\t\t\t\t\t\t\t<\/div>\n\t\t\t\t<\/div>\n\t\t\t\t\t<\/div>\n\t\t<\/div>\n\t\t\t\t\t<\/div>\n\t\t<\/section>\n\t\t\t\t<section class=\"elementor-section elementor-top-section elementor-element elementor-element-77e94b3 elementor-section-boxed elementor-section-height-default elementor-section-height-default\" data-id=\"77e94b3\" data-element_type=\"section\" data-settings=\"{&quot;background_background&quot;:&quot;classic&quot;}\">\n\t\t\t\t\t\t<div class=\"elementor-container elementor-column-gap-no\">\n\t\t\t\t\t<div class=\"elementor-column elementor-col-50 elementor-top-column elementor-element elementor-element-032d9c3\" data-id=\"032d9c3\" data-element_type=\"column\">\n\t\t\t<div class=\"elementor-widget-wrap elementor-element-populated\">\n\t\t\t\t\t\t<div class=\"elementor-element elementor-element-e885b7a elementor-widget elementor-widget-heading\" data-id=\"e885b7a\" data-element_type=\"widget\" data-widget_type=\"heading.default\">\n\t\t\t\t<div class=\"elementor-widget-container\">\n\t\t\t\t\t<h6 class=\"elementor-heading-title elementor-size-default\">GI\u1edaI THI\u1ec6U<\/h6>\t\t\t\t<\/div>\n\t\t\t\t<\/div>\n\t\t\t\t<section class=\"elementor-section elementor-inner-section elementor-element elementor-element-60801f8 elementor-section-boxed elementor-section-height-default elementor-section-height-default\" data-id=\"60801f8\" data-element_type=\"section\">\n\t\t\t\t\t\t<div class=\"elementor-container elementor-column-gap-no\">\n\t\t\t\t\t<div class=\"elementor-column elementor-col-100 elementor-inner-column elementor-element elementor-element-d945869\" data-id=\"d945869\" data-element_type=\"column\">\n\t\t\t<div class=\"elementor-widget-wrap elementor-element-populated\">\n\t\t\t\t\t\t<div class=\"elementor-element elementor-element-1bd4b21 elementor-widget elementor-widget-text-editor\" data-id=\"1bd4b21\" data-element_type=\"widget\" data-widget_type=\"text-editor.default\">\n\t\t\t\t<div class=\"elementor-widget-container\">\n\t\t\t\t\t\t\t\t\t<p><span style=\"font-weight: 400;\">SMAVT l\u00e0 c\u00f4ng ty th\u01b0\u01a1ng m\u1ea1i qu\u1ed1c t\u1ebf chuy\u00ean nghi\u1ec7p \u0111\u01b0\u1ee3c th\u00e0nh l\u1eadp v\u1edbi mong mu\u1ed1n cung c\u1ea5p c\u00e1c s\u1ea3n ph\u1ea9m v\u00e0 d\u1ecbch v\u1ee5 c\u00f3 gi\u00e1 tr\u1ecb cho kh\u00e1ch h\u00e0ng. C\u00f9ng \u0111\u1ed3ng h\u00e0nh ph\u00e1t tri\u1ec3n v\u1edbi kh\u00e1ch h\u00e0ng v\u00e0 \u0111\u1ed1i t\u00e1c, ch\u00fang t\u00f4i mong mu\u1ed1n tr\u1edf th\u00e0nh \u0111\u1ecba ch\u1ec9 \u0111\u00e1ng tin c\u1eady v\u00e0 l\u00e0 ngu\u1ed3n cung c\u1ea5p s\u1ea3n ph\u1ea9m, d\u1ecbch v\u1ee5 thi\u1ebft y\u1ebfu \u0111\u00e1p \u1ee9ng nhu c\u1ea7u c\u1ee7a m\u1ecdi ng\u01b0\u1eddi trong sinh ho\u1ea1t h\u00e0ng ng\u00e0y.\u00a0<\/span><\/p><p><strong>C\u00f9ng ph\u00e1t tri\u1ec3n b\u1ec1n v\u1eefng v\u1edbi SMAVT, v\u1edbi Glow Better <\/strong><\/p>\t\t\t\t\t\t\t\t<\/div>\n\t\t\t\t<\/div>\n\t\t\t\t\t<\/div>\n\t\t<\/div>\n\t\t\t\t\t<\/div>\n\t\t<\/section>\n\t\t\t\t<div class=\"elementor-element elementor-element-14d73b5 elementor-widget elementor-widget-heading\" data-id=\"14d73b5\" data-element_type=\"widget\" data-widget_type=\"heading.default\">\n\t\t\t\t<div class=\"elementor-widget-container\">\n\t\t\t\t\t<h6 class=\"elementor-heading-title elementor-size-default\">TH\u00d4NG \u0110I\u1ec6P\n<\/h6>\t\t\t\t<\/div>\n\t\t\t\t<\/div>\n\t\t\t\t<section class=\"elementor-section elementor-inner-section elementor-element elementor-element-29f0766 elementor-section-boxed elementor-section-height-default elementor-section-height-default\" data-id=\"29f0766\" data-element_type=\"section\">\n\t\t\t\t\t\t<div class=\"elementor-container elementor-column-gap-no\">\n\t\t\t\t\t<div class=\"elementor-column elementor-col-33 elementor-inner-column elementor-element elementor-element-f416418\" data-id=\"f416418\" data-element_type=\"column\">\n\t\t\t<div class=\"elementor-widget-wrap elementor-element-populated\">\n\t\t\t\t\t\t<div class=\"elementor-element elementor-element-e76b5e7 elementor-view-default elementor-widget elementor-widget-icon\" data-id=\"e76b5e7\" data-element_type=\"widget\" data-widget_type=\"icon.default\">\n\t\t\t\t<div class=\"elementor-widget-container\">\n\t\t\t\t\t\t\t<div class=\"elementor-icon-wrapper\">\n\t\t\t<div class=\"elementor-icon\">\n\t\t\t<i aria-hidden=\"true\" class=\"fas fa-quote-left\"><\/i>\t\t\t<\/div>\n\t\t<\/div>\n\t\t\t\t\t\t<\/div>\n\t\t\t\t<\/div>\n\t\t\t\t\t<\/div>\n\t\t<\/div>\n\t\t\t\t<div class=\"elementor-column elementor-col-66 elementor-inner-column elementor-element elementor-element-d603798\" data-id=\"d603798\" data-element_type=\"column\">\n\t\t\t<div class=\"elementor-widget-wrap elementor-element-populated\">\n\t\t\t\t\t\t<div class=\"elementor-element elementor-element-8c5be77 elementor-widget elementor-widget-text-editor\" data-id=\"8c5be77\" data-element_type=\"widget\" data-widget_type=\"text-editor.default\">\n\t\t\t\t<div class=\"elementor-widget-container\">\n\t\t\t\t\t\t\t\t\t<p><span style=\"font-weight: 400;\">V\u1edbi<\/span><b> m\u1ed9t ch\u00fat<\/b><span style=\"font-weight: 400;\"> s\u1ef1 <\/span><b>n\u1ed5 l\u1ef1c<\/b><span style=\"font-weight: 400;\"> v\u00e0 <\/span><b>ch\u00fa t\u00e2m<\/b><span style=\"font-weight: 400;\">, <br \/><\/span><span style=\"font-weight: 400;\">Ch\u00fang ta c\u00f3 th\u1ec3 bi\u1ebfn <\/span><b>\"T\u1ed1t h\u01a1n\"<\/b><span style=\"font-weight: 400;\"> th\u00e0nh <\/span><b>\"Xu\u1ea5t s\u1eafc\"<\/b><\/p>\t\t\t\t\t\t\t\t<\/div>\n\t\t\t\t<\/div>\n\t\t\t\t<div class=\"elementor-element elementor-element-d0ffc71 elementor-widget elementor-widget-heading\" data-id=\"d0ffc71\" data-element_type=\"widget\" data-widget_type=\"heading.default\">\n\t\t\t\t<div class=\"elementor-widget-container\">\n\t\t\t\t\t<h6 class=\"elementor-heading-title elementor-size-default\">_Gia \u0110\u00ecnh H\u1ecd Tr\u1ea7n_\n<\/h6>\t\t\t\t<\/div>\n\t\t\t\t<\/div>\n\t\t\t\t\t<\/div>\n\t\t<\/div>\n\t\t\t\t\t<\/div>\n\t\t<\/section>\n\t\t\t\t\t<\/div>\n\t\t<\/div>\n\t\t\t\t<div class=\"elementor-column elementor-col-50 elementor-top-column elementor-element elementor-element-e6da174\" data-id=\"e6da174\" data-element_type=\"column\">\n\t\t\t<div class=\"elementor-widget-wrap elementor-element-populated\">\n\t\t\t\t\t\t<div class=\"elementor-element elementor-element-fbf28ed elementor-widget elementor-widget-image\" data-id=\"fbf28ed\" data-element_type=\"widget\" data-widget_type=\"image.default\">\n\t\t\t\t<div class=\"elementor-widget-container\">\n\t\t\t\t\t\t\t\t\t\t\t\t\t\t\t<img decoding=\"async\" src=\"https:\/\/smavtgroup.com\/wp-content\/uploads\/elementor\/thumbs\/3915826-pc51nk69wyplxm3u32ixsmykkdhfwxdqnf0mnzodc8.jpg\" title=\"3915826\" alt=\"3915826\" loading=\"lazy\" \/>\t\t\t\t\t\t\t\t\t\t\t\t\t\t\t<\/div>\n\t\t\t\t<\/div>\n\t\t\t\t\t<\/div>\n\t\t<\/div>\n\t\t\t\t\t<\/div>\n\t\t<\/section>\n\t\t\t\t<\/div>","protected":false},"excerpt":{"rendered":"<p>Our Company Semper tellus, tellus at eu platea lorem est a amet tincidunt nulla orci vulputate tellus felis. At A Glance Tristique donec id velit imperdiet tellus tempus nisi elit, orci at eu, urna, hendrerit neque, vivamus id varius tincidunt varius tempor etiam id bibendum ac faucibus vitae magna in senectus suscipit morbi. Dolor pretium &hellip;<\/p>\n<p class=\"read-more\"> <a class=\"\" href=\"https:\/\/websitedemos.net\/pharmaceutical-02\/company\/\"> <span class=\"screen-reader-text\">Company<\/span> Read More &raquo;<\/a><\/p>","protected":false},"author":1,"featured_media":0,"parent":952,"menu_order":1,"comment_status":"closed","ping_status":"closed","template":"elementor_header_footer","meta":{"inline_featured_image":false,"footnotes":""},"class_list":["post-1516","page","type-page","status-publish","hentry"],"_links":{"self":[{"href":"https:\/\/smavtgroup.com\/vi\/wp-json\/wp\/v2\/pages\/1516","targetHints":{"allow":["GET"]}}],"collection":[{"href":"https:\/\/smavtgroup.com\/vi\/wp-json\/wp\/v2\/pages"}],"about":[{"href":"https:\/\/smavtgroup.com\/vi\/wp-json\/wp\/v2\/types\/page"}],"author":[{"embeddable":true,"href":"https:\/\/smavtgroup.com\/vi\/wp-json\/wp\/v2\/users\/1"}],"replies":[{"embeddable":true,"href":"https:\/\/smavtgroup.com\/vi\/wp-json\/wp\/v2\/comments?post=1516"}],"version-history":[{"count":3,"href":"https:\/\/smavtgroup.com\/vi\/wp-json\/wp\/v2\/pages\/1516\/revisions"}],"predecessor-version":[{"id":2566,"href":"https:\/\/smavtgroup.com\/vi\/wp-json\/wp\/v2\/pages\/1516\/revisions\/2566"}],"up":[{"embeddable":true,"href":"https:\/\/smavtgroup.com\/vi\/wp-json\/wp\/v2\/pages\/952"}],"wp:attachment":[{"href":"https:\/\/smavtgroup.com\/vi\/wp-json\/wp\/v2\/media?parent=1516"}],"curies":[{"name":"wp","href":"https:\/\/api.w.org\/{rel}","templated":true}]}}