{"id":1531,"date":"2021-08-25T15:44:37","date_gmt":"2021-08-25T15:44:37","guid":{"rendered":"https:\/\/smavt.wamstore.com\/?page_id=1531"},"modified":"2022-11-28T15:51:39","modified_gmt":"2022-11-28T08:51:39","slug":"business-philosophy","status":"publish","type":"page","link":"https:\/\/smavtgroup.com\/vi\/about-us\/business-philosophy\/","title":{"rendered":"Tri\u1ebft l\u00fd kinh doanh"},"content":{"rendered":"<div data-elementor-type=\"wp-page\" data-elementor-id=\"1531\" class=\"elementor elementor-1531\" data-elementor-post-type=\"page\">\n\t\t\t\t\t\t<section class=\"elementor-section elementor-top-section elementor-element elementor-element-0744403 elementor-section-content-middle elementor-section-boxed elementor-section-height-default elementor-section-height-default\" data-id=\"0744403\" data-element_type=\"section\" data-settings=\"{&quot;background_background&quot;:&quot;classic&quot;}\">\n\t\t\t\t\t\t\t<div class=\"elementor-background-overlay\"><\/div>\n\t\t\t\t\t\t\t<div class=\"elementor-container elementor-column-gap-no\">\n\t\t\t\t\t<div class=\"elementor-column elementor-col-100 elementor-top-column elementor-element elementor-element-6dfeb51\" data-id=\"6dfeb51\" data-element_type=\"column\">\n\t\t\t<div class=\"elementor-widget-wrap elementor-element-populated\">\n\t\t\t\t\t\t<div class=\"elementor-element elementor-element-3ceccb2 elementor-widget elementor-widget-heading\" data-id=\"3ceccb2\" data-element_type=\"widget\" data-widget_type=\"heading.default\">\n\t\t\t\t<div class=\"elementor-widget-container\">\n\t\t\t\t\t<h1 class=\"elementor-heading-title elementor-size-default\">Tri\u1ebft l\u00fd kinh doanh<\/h1>\t\t\t\t<\/div>\n\t\t\t\t<\/div>\n\t\t\t\t<div class=\"elementor-element elementor-element-6e4f5a8 elementor-widget elementor-widget-heading\" data-id=\"6e4f5a8\" data-element_type=\"widget\" data-widget_type=\"heading.default\">\n\t\t\t\t<div class=\"elementor-widget-container\">\n\t\t\t\t\t<h2 class=\"elementor-heading-title elementor-size-default\">Genuine Business &amp; Persistence on Quality<\/h2>\t\t\t\t<\/div>\n\t\t\t\t<\/div>\n\t\t\t\t\t<\/div>\n\t\t<\/div>\n\t\t\t\t\t<\/div>\n\t\t<\/section>\n\t\t\t\t<section class=\"elementor-section elementor-top-section elementor-element elementor-element-4d4ef385 elementor-section-content-middle elementor-section-boxed elementor-section-height-default elementor-section-height-default\" data-id=\"4d4ef385\" data-element_type=\"section\">\n\t\t\t\t\t\t<div class=\"elementor-container elementor-column-gap-default\">\n\t\t\t\t\t<div class=\"elementor-column elementor-col-50 elementor-top-column elementor-element elementor-element-165355b2\" data-id=\"165355b2\" data-element_type=\"column\">\n\t\t\t<div class=\"elementor-widget-wrap elementor-element-populated\">\n\t\t\t\t\t\t<div class=\"elementor-element elementor-element-2657398 elementor-widget elementor-widget-heading\" data-id=\"2657398\" data-element_type=\"widget\" data-widget_type=\"heading.default\">\n\t\t\t\t<div class=\"elementor-widget-container\">\n\t\t\t\t\t<h2 class=\"elementor-heading-title elementor-size-default\">T\u1ea7m nh\u00ecn<\/h2>\t\t\t\t<\/div>\n\t\t\t\t<\/div>\n\t\t\t\t<div class=\"elementor-element elementor-element-74ddc04f elementor-widget elementor-widget-text-editor\" data-id=\"74ddc04f\" data-element_type=\"widget\" data-widget_type=\"text-editor.default\">\n\t\t\t\t<div class=\"elementor-widget-container\">\n\t\t\t\t\t\t\t\t\t<p><span style=\"font-weight: 400;\">SMAVT International mong mu\u1ed1n tr\u1edf th\u00e0nh l\u1ef1a ch\u1ecdn t\u1ed1t nh\u1ea5t \u0111\u1ec3 h\u1ee3p t\u00e1c, \u0111\u1ec3 l\u00e0m vi\u1ec7c v\u00e0 tr\u1edf th\u00e0nh ngu\u1ed3n mua h\u00e0ng cho t\u1ea5t c\u1ea3 c\u00e1c b\u00ean li\u00ean quan. H\u01a1n h\u1ebft, ch\u00fang t\u00f4i mong mu\u1ed1n tr\u1edf th\u00e0nh s\u00e0n giao d\u1ecbch \u0111\u00e1ng tin c\u1eady t\u1ea1i Vi\u1ec7t Nam.<\/span><\/p>\t\t\t\t\t\t\t\t<\/div>\n\t\t\t\t<\/div>\n\t\t\t\t<div class=\"elementor-element elementor-element-926ddf2 elementor-widget elementor-widget-heading\" data-id=\"926ddf2\" data-element_type=\"widget\" data-widget_type=\"heading.default\">\n\t\t\t\t<div class=\"elementor-widget-container\">\n\t\t\t\t\t<h2 class=\"elementor-heading-title elementor-size-default\">S\u1ee9 m\u1ec7nh<\/h2>\t\t\t\t<\/div>\n\t\t\t\t<\/div>\n\t\t\t\t<div class=\"elementor-element elementor-element-9c357d6 elementor-widget elementor-widget-text-editor\" data-id=\"9c357d6\" data-element_type=\"widget\" data-widget_type=\"text-editor.default\">\n\t\t\t\t<div class=\"elementor-widget-container\">\n\t\t\t\t\t\t\t\t\t<p><span style=\"font-weight: 400;\">SMAVT International t\u1eadn t\u00e2m cung c\u1ea5p c\u00e1c s\u1ea3n ph\u1ea9m v\u00e0 d\u1ecbch v\u1ee5 ch\u1ea5t l\u01b0\u1ee3ng cao v\u1edbi s\u1ef1 minh b\u1ea1ch v\u00e0 tr\u00e1ch nhi\u1ec7m. <\/span><\/p>\t\t\t\t\t\t\t\t<\/div>\n\t\t\t\t<\/div>\n\t\t\t\t\t<\/div>\n\t\t<\/div>\n\t\t\t\t<div class=\"elementor-column elementor-col-50 elementor-top-column elementor-element elementor-element-7ddc11ca\" data-id=\"7ddc11ca\" data-element_type=\"column\">\n\t\t\t<div class=\"elementor-widget-wrap elementor-element-populated\">\n\t\t\t\t\t\t<div class=\"elementor-element elementor-element-758b183 elementor-widget elementor-widget-image\" data-id=\"758b183\" data-element_type=\"widget\" data-widget_type=\"image.default\">\n\t\t\t\t<div class=\"elementor-widget-container\">\n\t\t\t\t\t\t\t\t\t\t\t\t\t\t\t<img decoding=\"async\" src=\"https:\/\/smavtgroup.com\/wp-content\/uploads\/elementor\/thumbs\/vision-mission-new-pc533nea1imfiod3pmo2eybz5emw57kdvc7q0b7cic.jpg\" title=\"vision-mission-new\" alt=\"vision-mission-new\" loading=\"lazy\" \/>\t\t\t\t\t\t\t\t\t\t\t\t\t\t\t<\/div>\n\t\t\t\t<\/div>\n\t\t\t\t\t<\/div>\n\t\t<\/div>\n\t\t\t\t\t<\/div>\n\t\t<\/section>\n\t\t\t\t<\/div>","protected":false},"excerpt":{"rendered":"<p>Our Company Semper tellus, tellus at eu platea lorem est a amet tincidunt nulla orci vulputate tellus felis. At A Glance Tristique donec id velit imperdiet tellus tempus nisi elit, orci at eu, urna, hendrerit neque, vivamus id varius tincidunt varius tempor etiam id bibendum ac faucibus vitae magna in senectus suscipit morbi. Dolor pretium &hellip;<\/p>\n<p class=\"read-more\"> <a class=\"\" href=\"https:\/\/websitedemos.net\/pharmaceutical-02\/company\/\"> <span class=\"screen-reader-text\">Company<\/span> Read More &raquo;<\/a><\/p>","protected":false},"author":1,"featured_media":0,"parent":952,"menu_order":2,"comment_status":"closed","ping_status":"closed","template":"elementor_header_footer","meta":{"inline_featured_image":false,"footnotes":""},"class_list":["post-1531","page","type-page","status-publish","hentry"],"_links":{"self":[{"href":"https:\/\/smavtgroup.com\/vi\/wp-json\/wp\/v2\/pages\/1531","targetHints":{"allow":["GET"]}}],"collection":[{"href":"https:\/\/smavtgroup.com\/vi\/wp-json\/wp\/v2\/pages"}],"about":[{"href":"https:\/\/smavtgroup.com\/vi\/wp-json\/wp\/v2\/types\/page"}],"author":[{"embeddable":true,"href":"https:\/\/smavtgroup.com\/vi\/wp-json\/wp\/v2\/users\/1"}],"replies":[{"embeddable":true,"href":"https:\/\/smavtgroup.com\/vi\/wp-json\/wp\/v2\/comments?post=1531"}],"version-history":[{"count":3,"href":"https:\/\/smavtgroup.com\/vi\/wp-json\/wp\/v2\/pages\/1531\/revisions"}],"predecessor-version":[{"id":2569,"href":"https:\/\/smavtgroup.com\/vi\/wp-json\/wp\/v2\/pages\/1531\/revisions\/2569"}],"up":[{"embeddable":true,"href":"https:\/\/smavtgroup.com\/vi\/wp-json\/wp\/v2\/pages\/952"}],"wp:attachment":[{"href":"https:\/\/smavtgroup.com\/vi\/wp-json\/wp\/v2\/media?parent=1531"}],"curies":[{"name":"wp","href":"https:\/\/api.w.org\/{rel}","templated":true}]}}