{"id":1646,"date":"2021-08-25T17:16:21","date_gmt":"2021-08-25T17:16:21","guid":{"rendered":"https:\/\/smavt.wamstore.com\/?page_id=1646"},"modified":"2024-06-11T10:50:28","modified_gmt":"2024-06-11T03:50:28","slug":"mirokal","status":"publish","type":"page","link":"https:\/\/smavtgroup.com\/vi\/brands\/mirokal\/","title":{"rendered":"Mirokal"},"content":{"rendered":"<div data-elementor-type=\"wp-page\" data-elementor-id=\"1646\" class=\"elementor elementor-1646\" data-elementor-post-type=\"page\">\n\t\t\t\t\t\t<section class=\"elementor-section elementor-top-section elementor-element elementor-element-7a7b1301 elementor-section-content-middle elementor-section-boxed elementor-section-height-default elementor-section-height-default\" data-id=\"7a7b1301\" data-element_type=\"section\" data-settings=\"{&quot;background_background&quot;:&quot;classic&quot;}\">\n\t\t\t\t\t\t\t<div class=\"elementor-background-overlay\"><\/div>\n\t\t\t\t\t\t\t<div class=\"elementor-container elementor-column-gap-no\">\n\t\t\t\t\t<div class=\"elementor-column elementor-col-100 elementor-top-column elementor-element elementor-element-69a6c510\" data-id=\"69a6c510\" data-element_type=\"column\">\n\t\t\t<div class=\"elementor-widget-wrap elementor-element-populated\">\n\t\t\t\t\t\t<div class=\"elementor-element elementor-element-764dc69a elementor-widget elementor-widget-heading\" data-id=\"764dc69a\" data-element_type=\"widget\" data-widget_type=\"heading.default\">\n\t\t\t\t<div class=\"elementor-widget-container\">\n\t\t\t\t\t<h1 class=\"elementor-heading-title elementor-size-default\">Mirokal<\/h1>\t\t\t\t<\/div>\n\t\t\t\t<\/div>\n\t\t\t\t<div class=\"elementor-element elementor-element-3fb288ec elementor-widget elementor-widget-text-editor\" data-id=\"3fb288ec\" data-element_type=\"widget\" data-widget_type=\"text-editor.default\">\n\t\t\t\t<div class=\"elementor-widget-container\">\n\t\t\t\t\t\t\t\t\t<p><span style=\"font-weight: 400;\">SMAVT t\u1ea1o ra th\u00f3i quen ch\u0103m s\u00f3c da l\u00e0nh m\u1ea1nh v\u1edbi hi\u1ec7u qu\u1ea3 \u0111\u00e1ng k\u1ec3 \u0111\u1ebfn h\u1ea7u h\u1ebft m\u1ecdi l\u00e0n da.\u00a0\u00a0<\/span><\/p>\t\t\t\t\t\t\t\t<\/div>\n\t\t\t\t<\/div>\n\t\t\t\t\t<\/div>\n\t\t<\/div>\n\t\t\t\t\t<\/div>\n\t\t<\/section>\n\t\t\t\t<section class=\"elementor-section elementor-top-section elementor-element elementor-element-0b5efed elementor-section-boxed elementor-section-height-default elementor-section-height-default\" data-id=\"0b5efed\" data-element_type=\"section\" data-settings=\"{&quot;background_background&quot;:&quot;classic&quot;}\">\n\t\t\t\t\t\t<div class=\"elementor-container elementor-column-gap-no\">\n\t\t\t\t\t<div class=\"elementor-column elementor-col-100 elementor-top-column elementor-element elementor-element-06b674c\" data-id=\"06b674c\" data-element_type=\"column\">\n\t\t\t<div class=\"elementor-widget-wrap elementor-element-populated\">\n\t\t\t\t\t\t<section class=\"elementor-section elementor-inner-section elementor-element elementor-element-6c2076c elementor-section-content-middle elementor-section-boxed elementor-section-height-default elementor-section-height-default\" data-id=\"6c2076c\" data-element_type=\"section\">\n\t\t\t\t\t\t<div class=\"elementor-container elementor-column-gap-wider\">\n\t\t\t\t\t<div class=\"elementor-column elementor-col-50 elementor-inner-column elementor-element elementor-element-7bd5fa2\" data-id=\"7bd5fa2\" data-element_type=\"column\">\n\t\t\t<div class=\"elementor-widget-wrap elementor-element-populated\">\n\t\t\t\t\t\t<div class=\"elementor-element elementor-element-144fa64 elementor-pagination-position-inside elementor-arrows-position-inside elementor-widget elementor-widget-image-carousel\" data-id=\"144fa64\" data-element_type=\"widget\" data-settings=\"{&quot;slides_to_show&quot;:&quot;1&quot;,&quot;autoplay&quot;:&quot;no&quot;,&quot;speed&quot;:600,&quot;navigation&quot;:&quot;both&quot;,&quot;infinite&quot;:&quot;yes&quot;,&quot;effect&quot;:&quot;slide&quot;}\" data-widget_type=\"image-carousel.default\">\n\t\t\t\t<div class=\"elementor-widget-container\">\n\t\t\t\t\t\t\t<div class=\"elementor-image-carousel-wrapper swiper\" role=\"region\" aria-roledescription=\"carousel\" aria-label=\"B\u0103ng chuy\u1ec1n h\u00ecnh \u1ea3nh\" dir=\"ltr\">\n\t\t\t<div class=\"elementor-image-carousel swiper-wrapper\" aria-live=\"polite\">\n\t\t\t\t\t\t\t\t<div class=\"swiper-slide\" role=\"group\" aria-roledescription=\"slide\" aria-label=\"1 tr\u00ean 1\"><figure class=\"swiper-slide-inner\"><img decoding=\"async\" class=\"swiper-slide-image\" src=\"https:\/\/smavtgroup.com\/wp-content\/uploads\/elementor\/thumbs\/Mirokal-full-products-qphhc3yt9omqfid4w9sgwsb2xqhlwae4axyk8jhm5s.png\" alt=\"Mirokal full products\" \/><\/figure><\/div>\t\t\t<\/div>\n\t\t\t\t\t<\/div>\n\t\t\t\t\t\t<\/div>\n\t\t\t\t<\/div>\n\t\t\t\t\t<\/div>\n\t\t<\/div>\n\t\t\t\t<div class=\"elementor-column elementor-col-50 elementor-inner-column elementor-element elementor-element-3acb8e5\" data-id=\"3acb8e5\" data-element_type=\"column\">\n\t\t\t<div class=\"elementor-widget-wrap elementor-element-populated\">\n\t\t\t\t\t\t<div class=\"elementor-element elementor-element-90e426c elementor-widget elementor-widget-heading\" data-id=\"90e426c\" data-element_type=\"widget\" data-widget_type=\"heading.default\">\n\t\t\t\t<div class=\"elementor-widget-container\">\n\t\t\t\t\t<h3 class=\"elementor-heading-title elementor-size-default\">MIROKAL<\/h3>\t\t\t\t<\/div>\n\t\t\t\t<\/div>\n\t\t\t\t<div class=\"elementor-element elementor-element-8180c2b elementor-widget elementor-widget-text-editor\" data-id=\"8180c2b\" data-element_type=\"widget\" data-widget_type=\"text-editor.default\">\n\t\t\t\t<div class=\"elementor-widget-container\">\n\t\t\t\t\t\t\t\t\t<p><b>MIROKAL<\/b><span style=\"font-weight: 400;\"> l\u00e0 th\u01b0\u01a1ng hi\u1ec7u \u0111\u1ebfn t\u1eeb Canada, \u0111\u01b0\u1ee3c ra m\u1eaft v\u00e0o n\u0103m 2012, \u0111\u01b0\u1ee3c th\u00e0nh l\u1eadp t\u1eeb m\u1ed9t gia \u0111\u00ecnh kinh doanh m\u1ef9 ph\u1ea9m chuy\u00ean nghi\u1ec7p c\u00f3 l\u1ecbch s\u1eed l\u00e2u \u0111\u1eddi trong kinh nghi\u1ec7m nghi\u00ean c\u1ee9u v\u00e0 ph\u00e1t tri\u1ec3n s\u1ea3n ph\u1ea9m l\u00e2u \u0111\u1eddi. Nh\u1edd v\u1eady \u0111\u00e3 t\u1ea1o ra v\u00e0 x\u00e2y d\u1ef1ng th\u01b0\u01a1ng hi\u1ec7u m\u1ef9 ph\u1ea9m v\u00e0 ch\u0103m s\u00f3c da ch\u1ea5t l\u01b0\u1ee3ng v\u01b0\u1ee3t tr\u1ed9i.<\/span><\/p><p><span style=\"font-weight: 400;\"><b>MIROKAL<\/b>: Di\u1ec7n m\u1ea1o s\u00e1ng ng\u1eddi b\u1eaft \u0111\u1ea7u t\u1eeb vi\u1ec7c ch\u0103m s\u00f3c da, b\u1edfi v\u00ec v\u1ebb \u0111\u1eb9p tr\u01b0\u1eddng t\u1ed3n lu\u00f4n b\u1eaft \u0111\u1ea7u v\u1edbi vi\u1ec7c m\u1ed9t l\u00e0n da kh\u1ecfe m\u1ea1nh.<\/span><\/p><p><span style=\"font-weight: 400;\"><b>MIROKAL <\/b>c\u00f3 ni\u1ec1m tin r\u1eb1ng cu\u1ed9c \u0111\u1eddi c\u1ee7a m\u1ed7i c\u00e1 nh\u00e2n nh\u01b0 m\u1ed9t lo\u00e0i hoa v\u00e0 n\u00f3 mang trong m\u00ecnh v\u1ebb \u0111\u1eb9p r\u1ea5t ri\u00eang, r\u1ea5t \u0111\u1eb7c bi\u1ec7t.\u00a0<\/span><\/p><p><span style=\"font-weight: 400;\"><b>MIROKAL <\/b>\u0111\u01b0\u1ee3c ph\u00e1t \u00e2m l\u00e0 mir \u2022 a \u2022 cle [mir-i-kel], v\u1edbi m\u1ee5c \u0111\u00edch t\u1ea1o ra c\u00e1c s\u1ea3n ph\u1ea9m trong l\u0129nh v\u1ef1c l\u00e0m \u0111\u1eb9p v\u00e0 m\u1ef9 ph\u1ea9m mang t\u00ednh m\u00e0u s\u1eafc c\u1ee7a s\u1ef1 sang tr\u1ecdng, \u0111\u00e1ng m\u01a1 \u01b0\u1edbc nh\u01b0ng gi\u00e1 c\u1ea3 ph\u1ea3i ch\u0103ng\u00a0<\/span><span style=\"font-weight: 400;\">.<\/span><\/p>\t\t\t\t\t\t\t\t<\/div>\n\t\t\t\t<\/div>\n\t\t\t\t\t<\/div>\n\t\t<\/div>\n\t\t\t\t\t<\/div>\n\t\t<\/section>\n\t\t\t\t\t<\/div>\n\t\t<\/div>\n\t\t\t\t\t<\/div>\n\t\t<\/section>\n\t\t\t\t<section class=\"elementor-section elementor-top-section elementor-element elementor-element-16d92753 elementor-section-full_width elementor-section-height-min-height elementor-section-stretched elementor-section-height-default elementor-section-items-middle\" data-id=\"16d92753\" data-element_type=\"section\" data-settings=\"{&quot;stretch_section&quot;:&quot;section-stretched&quot;,&quot;background_background&quot;:&quot;classic&quot;}\">\n\t\t\t\t\t\t<div class=\"elementor-container elementor-column-gap-default\">\n\t\t\t\t\t<div class=\"elementor-column elementor-col-100 elementor-top-column elementor-element elementor-element-377ba17e\" data-id=\"377ba17e\" data-element_type=\"column\">\n\t\t\t<div class=\"elementor-widget-wrap elementor-element-populated\">\n\t\t\t\t\t\t<div class=\"elementor-element elementor-element-12041a7 elementor-cta--skin-cover elementor-bg-transform elementor-bg-transform-zoom-in elementor-widget elementor-widget-call-to-action\" data-id=\"12041a7\" data-element_type=\"widget\" data-widget_type=\"call-to-action.default\">\n\t\t\t\t<div class=\"elementor-widget-container\">\n\t\t\t\t\t\t\t<div class=\"elementor-cta\">\n\t\t\t\t\t<div class=\"elementor-cta__bg-wrapper\">\n\t\t\t\t<div class=\"elementor-cta__bg elementor-bg\" style=\"background-image: url(https:\/\/smavtgroup.com\/wp-content\/uploads\/2021\/08\/call_to_action_background-1024x206.jpg);\" role=\"img\" aria-label=\"call_to_action_background\"><\/div>\n\t\t\t\t<div class=\"elementor-cta__bg-overlay\"><\/div>\n\t\t\t<\/div>\n\t\t\t\t\t\t\t<div class=\"elementor-cta__content\">\n\t\t\t\t\n\t\t\t\t\t\t\t\t\t<h2 class=\"elementor-cta__title elementor-cta__content-item elementor-content-item\">\n\t\t\t\t\t\tLi\u00ean h\u1ec7 ngay \u0111\u1ec3 bi\u1ebft th\u00eam th\u00f4ng tin chi ti\u1ebft\t\t\t\t\t<\/h2>\n\t\t\t\t\n\t\t\t\t\t\t\t\t\t<div class=\"elementor-cta__description elementor-cta__content-item elementor-content-item\">\n\t\t\t\t\t\tC\u00f9ng ph\u00e1t tri\u1ec3n b\u1ec1n v\u1eefng v\u1edbi SMAVT, v\u1edbi Glow Better \n\t\t\t\t\t<\/div>\n\t\t\t\t\n\t\t\t\t\t\t\t\t\t<div class=\"elementor-cta__button-wrapper elementor-cta__content-item elementor-content-item\">\n\t\t\t\t\t<a class=\"elementor-cta__button elementor-button elementor-size-\">\n\t\t\t\t\t\tLi\u00ean h\u1ec7: +84 903 689 108\t\t\t\t\t<\/a>\n\t\t\t\t\t<\/div>\n\t\t\t\t\t\t\t<\/div>\n\t\t\t\t\t\t<\/div>\n\t\t\t\t\t\t<\/div>\n\t\t\t\t<\/div>\n\t\t\t\t\t<\/div>\n\t\t<\/div>\n\t\t\t\t\t<\/div>\n\t\t<\/section>\n\t\t\t\t<section class=\"elementor-section elementor-top-section elementor-element elementor-element-51622973 elementor-section-boxed elementor-section-height-default elementor-section-height-default\" data-id=\"51622973\" data-element_type=\"section\">\n\t\t\t\t\t\t<div class=\"elementor-container elementor-column-gap-no\">\n\t\t\t\t\t<div class=\"elementor-column elementor-col-100 elementor-top-column elementor-element elementor-element-3ea8586c\" data-id=\"3ea8586c\" data-element_type=\"column\">\n\t\t\t<div class=\"elementor-widget-wrap elementor-element-populated\">\n\t\t\t\t\t\t<div class=\"elementor-element elementor-element-f1238c7 elementor-widget elementor-widget-heading\" data-id=\"f1238c7\" data-element_type=\"widget\" data-widget_type=\"heading.default\">\n\t\t\t\t<div class=\"elementor-widget-container\">\n\t\t\t\t\t<h2 class=\"elementor-heading-title elementor-size-default\">\u0110\u1ed0I T\u00c1C<\/h2>\t\t\t\t<\/div>\n\t\t\t\t<\/div>\n\t\t\t\t<div class=\"elementor-element elementor-element-358fdb2e elementor-skin-carousel elementor-arrows-yes elementor-widget elementor-widget-media-carousel\" data-id=\"358fdb2e\" data-element_type=\"widget\" data-settings=\"{&quot;slides_per_view&quot;:&quot;5&quot;,&quot;slides_to_scroll&quot;:&quot;1&quot;,&quot;space_between&quot;:{&quot;unit&quot;:&quot;px&quot;,&quot;size&quot;:8,&quot;sizes&quot;:[]},&quot;skin&quot;:&quot;carousel&quot;,&quot;effect&quot;:&quot;slide&quot;,&quot;show_arrows&quot;:&quot;yes&quot;,&quot;speed&quot;:500,&quot;autoplay&quot;:&quot;yes&quot;,&quot;autoplay_speed&quot;:5000,&quot;loop&quot;:&quot;yes&quot;,&quot;pause_on_hover&quot;:&quot;yes&quot;,&quot;pause_on_interaction&quot;:&quot;yes&quot;,&quot;space_between_tablet&quot;:{&quot;unit&quot;:&quot;px&quot;,&quot;size&quot;:10,&quot;sizes&quot;:[]},&quot;space_between_mobile&quot;:{&quot;unit&quot;:&quot;px&quot;,&quot;size&quot;:10,&quot;sizes&quot;:[]}}\" data-widget_type=\"media-carousel.default\">\n\t\t\t\t<div class=\"elementor-widget-container\">\n\t\t\t\t\t\t\t\t\t<div class=\"elementor-swiper\">\n\t\t\t\t\t<div class=\"elementor-main-swiper swiper\" role=\"region\" aria-roledescription=\"carousel\" aria-label=\"Slides\">\n\t\t\t\t<div class=\"swiper-wrapper\">\n\t\t\t\t\t\t\t\t\t\t\t<div class=\"swiper-slide\" role=\"group\" aria-roledescription=\"slide\">\n\t\t\t\t\t\t\t\t\t<div class=\"elementor-carousel-image\" role=\"img\" aria-label=\"mirokal\" style=\"background-image: url(&#039;https:\/\/smavtgroup.com\/wp-content\/uploads\/2021\/08\/mirokal.jpg&#039;)\">\n\n\t\t\t\n\t\t\t\t\t<\/div>\n\t\t\t\t\t\t\t\t<\/div>\n\t\t\t\t\t\t\t\t\t\t\t<div class=\"swiper-slide\" role=\"group\" aria-roledescription=\"slide\">\n\t\t\t\t\t\t\t\t\t<div class=\"elementor-carousel-image\" role=\"img\" aria-label=\"meddi\" style=\"background-image: url(&#039;https:\/\/smavtgroup.com\/wp-content\/uploads\/2021\/08\/meddi.jpg&#039;)\">\n\n\t\t\t\n\t\t\t\t\t<\/div>\n\t\t\t\t\t\t\t\t<\/div>\n\t\t\t\t\t\t\t\t\t\t\t<div class=\"swiper-slide\" role=\"group\" aria-roledescription=\"slide\">\n\t\t\t\t\t\t\t\t\t<div class=\"elementor-carousel-image\" role=\"img\" aria-label=\"saigon\" style=\"background-image: url(&#039;https:\/\/smavtgroup.com\/wp-content\/uploads\/2021\/08\/saigon.jpg&#039;)\">\n\n\t\t\t\n\t\t\t\t\t<\/div>\n\t\t\t\t\t\t\t\t<\/div>\n\t\t\t\t\t\t\t\t\t\t\t<div class=\"swiper-slide\" role=\"group\" aria-roledescription=\"slide\">\n\t\t\t\t\t\t\t\t\t<div class=\"elementor-carousel-image\" role=\"img\" aria-label=\"holy\" style=\"background-image: url(&#039;https:\/\/smavtgroup.com\/wp-content\/uploads\/2021\/08\/holy.jpg&#039;)\">\n\n\t\t\t\n\t\t\t\t\t<\/div>\n\t\t\t\t\t\t\t\t<\/div>\n\t\t\t\t\t\t\t\t\t\t\t<div class=\"swiper-slide\" role=\"group\" aria-roledescription=\"slide\">\n\t\t\t\t\t\t\t\t\t<div class=\"elementor-carousel-image\" role=\"img\" aria-label=\"fv\" style=\"background-image: url(&#039;https:\/\/smavtgroup.com\/wp-content\/uploads\/2021\/08\/fv.jpg&#039;)\">\n\n\t\t\t\n\t\t\t\t\t<\/div>\n\t\t\t\t\t\t\t\t<\/div>\n\t\t\t\t\t\t\t\t\t\t\t<div class=\"swiper-slide\" role=\"group\" aria-roledescription=\"slide\">\n\t\t\t\t\t\t\t\t\t<div class=\"elementor-carousel-image\" role=\"img\" aria-label=\"glc\" style=\"background-image: url(&#039;https:\/\/smavtgroup.com\/wp-content\/uploads\/2021\/08\/glc.jpg&#039;)\">\n\n\t\t\t\n\t\t\t\t\t<\/div>\n\t\t\t\t\t\t\t\t<\/div>\n\t\t\t\t\t\t\t\t\t<\/div>\n\t\t\t\t\t\t\t\t\t\t\t\t\t\t\t<div class=\"elementor-swiper-button elementor-swiper-button-prev\" role=\"button\" tabindex=\"0\" aria-label=\"Previous\">\n\t\t\t\t\t\t\t<i aria-hidden=\"true\" class=\"eicon-chevron-left\"><\/i>\t\t\t\t\t\t<\/div>\n\t\t\t\t\t\t<div class=\"elementor-swiper-button elementor-swiper-button-next\" role=\"button\" tabindex=\"0\" aria-label=\"Next\">\n\t\t\t\t\t\t\t<i aria-hidden=\"true\" class=\"eicon-chevron-right\"><\/i>\t\t\t\t\t\t<\/div>\n\t\t\t\t\t\t\t\t\t\t\t\t\t\t\t\t\t<\/div>\n\t\t\t\t<\/div>\n\t\t\t\t\t\t\t\t<\/div>\n\t\t\t\t<\/div>\n\t\t\t\t\t<\/div>\n\t\t<\/div>\n\t\t\t\t\t<\/div>\n\t\t<\/section>\n\t\t\t\t<\/div>","protected":false},"excerpt":{"rendered":"<p>Products Semper tellus, tellus at eu platea lorem est a amet tincidunt nulla orci vulputate tellus felis. Overview Quis sit duis nulla at etiam scelerisque dignissim amet sit nec et in ultrices interdum viverra felis, consectetur a libero, habitant mi nunc leo. Mattis tristique tincidunt scelerisque neque felis non sed sed dignissim sit ornare fermentum &hellip;<\/p>\n<p class=\"read-more\"> <a class=\"\" href=\"https:\/\/websitedemos.net\/pharmaceutical-02\/products\/\"> <span class=\"screen-reader-text\">S\u1ea3n ph\u1ea9m<\/span> Read More &raquo;<\/a><\/p>","protected":false},"author":1,"featured_media":0,"parent":954,"menu_order":1,"comment_status":"closed","ping_status":"closed","template":"","meta":{"inline_featured_image":false,"footnotes":""},"class_list":["post-1646","page","type-page","status-publish","hentry"],"_links":{"self":[{"href":"https:\/\/smavtgroup.com\/vi\/wp-json\/wp\/v2\/pages\/1646","targetHints":{"allow":["GET"]}}],"collection":[{"href":"https:\/\/smavtgroup.com\/vi\/wp-json\/wp\/v2\/pages"}],"about":[{"href":"https:\/\/smavtgroup.com\/vi\/wp-json\/wp\/v2\/types\/page"}],"author":[{"embeddable":true,"href":"https:\/\/smavtgroup.com\/vi\/wp-json\/wp\/v2\/users\/1"}],"replies":[{"embeddable":true,"href":"https:\/\/smavtgroup.com\/vi\/wp-json\/wp\/v2\/comments?post=1646"}],"version-history":[{"count":6,"href":"https:\/\/smavtgroup.com\/vi\/wp-json\/wp\/v2\/pages\/1646\/revisions"}],"predecessor-version":[{"id":2656,"href":"https:\/\/smavtgroup.com\/vi\/wp-json\/wp\/v2\/pages\/1646\/revisions\/2656"}],"up":[{"embeddable":true,"href":"https:\/\/smavtgroup.com\/vi\/wp-json\/wp\/v2\/pages\/954"}],"wp:attachment":[{"href":"https:\/\/smavtgroup.com\/vi\/wp-json\/wp\/v2\/media?parent=1646"}],"curies":[{"name":"wp","href":"https:\/\/api.w.org\/{rel}","templated":true}]}}