{"id":1656,"date":"2021-08-25T17:20:49","date_gmt":"2021-08-25T17:20:49","guid":{"rendered":"https:\/\/smavt.wamstore.com\/?page_id=1656"},"modified":"2024-07-24T09:28:16","modified_gmt":"2024-07-24T02:28:16","slug":"yuan","status":"publish","type":"page","link":"https:\/\/smavtgroup.com\/vi\/brands\/yuan\/","title":{"rendered":"Yuan"},"content":{"rendered":"<div data-elementor-type=\"wp-page\" data-elementor-id=\"1656\" class=\"elementor elementor-1656\" data-elementor-post-type=\"page\">\n\t\t\t\t\t\t<section class=\"elementor-section elementor-top-section elementor-element elementor-element-7a7b1301 elementor-section-content-middle elementor-section-boxed elementor-section-height-default elementor-section-height-default\" data-id=\"7a7b1301\" data-element_type=\"section\" data-settings=\"{&quot;background_background&quot;:&quot;classic&quot;}\">\n\t\t\t\t\t\t\t<div class=\"elementor-background-overlay\"><\/div>\n\t\t\t\t\t\t\t<div class=\"elementor-container elementor-column-gap-no\">\n\t\t\t\t\t<div class=\"elementor-column elementor-col-100 elementor-top-column elementor-element elementor-element-69a6c510\" data-id=\"69a6c510\" data-element_type=\"column\">\n\t\t\t<div class=\"elementor-widget-wrap elementor-element-populated\">\n\t\t\t\t\t\t<div class=\"elementor-element elementor-element-764dc69a elementor-widget elementor-widget-heading\" data-id=\"764dc69a\" data-element_type=\"widget\" data-widget_type=\"heading.default\">\n\t\t\t\t<div class=\"elementor-widget-container\">\n\t\t\t\t\t<h1 class=\"elementor-heading-title elementor-size-default\">Yuan<\/h1>\t\t\t\t<\/div>\n\t\t\t\t<\/div>\n\t\t\t\t<div class=\"elementor-element elementor-element-3fb288ec elementor-widget elementor-widget-text-editor\" data-id=\"3fb288ec\" data-element_type=\"widget\" data-widget_type=\"text-editor.default\">\n\t\t\t\t<div class=\"elementor-widget-container\">\n\t\t\t\t\t\t\t\t\t<p><span style=\"font-weight: 400;\">SMAVT t\u1ea1o ra th\u00f3i quen ch\u0103m s\u00f3c da l\u00e0nh m\u1ea1nh v\u1edbi hi\u1ec7u qu\u1ea3 \u0111\u00e1ng k\u1ec3 \u0111\u1ebfn h\u1ea7u h\u1ebft m\u1ecdi l\u00e0n da.\u00a0\u00a0<\/span><\/p>\t\t\t\t\t\t\t\t<\/div>\n\t\t\t\t<\/div>\n\t\t\t\t\t<\/div>\n\t\t<\/div>\n\t\t\t\t\t<\/div>\n\t\t<\/section>\n\t\t\t\t<section class=\"elementor-section elementor-top-section elementor-element elementor-element-0b5efed elementor-section-boxed elementor-section-height-default elementor-section-height-default\" data-id=\"0b5efed\" data-element_type=\"section\" data-settings=\"{&quot;background_background&quot;:&quot;classic&quot;}\">\n\t\t\t\t\t\t<div class=\"elementor-container elementor-column-gap-no\">\n\t\t\t\t\t<div class=\"elementor-column elementor-col-100 elementor-top-column elementor-element elementor-element-06b674c\" data-id=\"06b674c\" data-element_type=\"column\">\n\t\t\t<div class=\"elementor-widget-wrap elementor-element-populated\">\n\t\t\t\t\t\t<section class=\"elementor-section elementor-inner-section elementor-element elementor-element-b41ca6e elementor-section-content-middle elementor-section-boxed elementor-section-height-default elementor-section-height-default\" data-id=\"b41ca6e\" data-element_type=\"section\">\n\t\t\t\t\t\t<div class=\"elementor-container elementor-column-gap-wider\">\n\t\t\t\t\t<div class=\"elementor-column elementor-col-50 elementor-inner-column elementor-element elementor-element-f142599\" data-id=\"f142599\" data-element_type=\"column\">\n\t\t\t<div class=\"elementor-widget-wrap elementor-element-populated\">\n\t\t\t\t\t\t<div class=\"elementor-element elementor-element-2aa256d elementor-pagination-position-inside elementor-arrows-position-inside elementor-widget elementor-widget-image-carousel\" data-id=\"2aa256d\" data-element_type=\"widget\" data-settings=\"{&quot;slides_to_show&quot;:&quot;1&quot;,&quot;autoplay&quot;:&quot;no&quot;,&quot;speed&quot;:600,&quot;navigation&quot;:&quot;both&quot;,&quot;infinite&quot;:&quot;yes&quot;,&quot;effect&quot;:&quot;slide&quot;}\" data-widget_type=\"image-carousel.default\">\n\t\t\t\t<div class=\"elementor-widget-container\">\n\t\t\t\t\t\t\t<div class=\"elementor-image-carousel-wrapper swiper\" role=\"region\" aria-roledescription=\"carousel\" aria-label=\"B\u0103ng chuy\u1ec1n h\u00ecnh \u1ea3nh\" dir=\"ltr\">\n\t\t\t<div class=\"elementor-image-carousel swiper-wrapper\" aria-live=\"polite\">\n\t\t\t\t\t\t\t\t<div class=\"swiper-slide\" role=\"group\" aria-roledescription=\"slide\" aria-label=\"1 tr\u00ean 1\"><figure class=\"swiper-slide-inner\"><img decoding=\"async\" class=\"swiper-slide-image\" src=\"https:\/\/smavtgroup.com\/wp-content\/uploads\/2024\/07\/Soap_wild-mugwort-2.png\" alt=\"Soap_wild mugwort\" \/><\/figure><\/div>\t\t\t<\/div>\n\t\t\t\t\t<\/div>\n\t\t\t\t\t\t<\/div>\n\t\t\t\t<\/div>\n\t\t\t\t\t<\/div>\n\t\t<\/div>\n\t\t\t\t<div class=\"elementor-column elementor-col-50 elementor-inner-column elementor-element elementor-element-c9feb22\" data-id=\"c9feb22\" data-element_type=\"column\">\n\t\t\t<div class=\"elementor-widget-wrap elementor-element-populated\">\n\t\t\t\t\t\t<div class=\"elementor-element elementor-element-5fe3417 elementor-widget elementor-widget-heading\" data-id=\"5fe3417\" data-element_type=\"widget\" data-widget_type=\"heading.default\">\n\t\t\t\t<div class=\"elementor-widget-container\">\n\t\t\t\t\t<h3 class=\"elementor-heading-title elementor-size-default\">YUAN<\/h3>\t\t\t\t<\/div>\n\t\t\t\t<\/div>\n\t\t\t\t<div class=\"elementor-element elementor-element-6997c5f elementor-widget elementor-widget-text-editor\" data-id=\"6997c5f\" data-element_type=\"widget\" data-widget_type=\"text-editor.default\">\n\t\t\t\t<div class=\"elementor-widget-container\">\n\t\t\t\t\t\t\t\t\t<p><span style=\"font-weight: 400;\">\u0110\u01b0\u1ee3c th\u00e0nh l\u1eadp v\u00e0o n\u0103m 2005, l\u1ea5y c\u00e1c lo\u1ea1i th\u1ea3o m\u1ed9c \u0110\u00e0i Loan l\u00e0m nguy\u00ean li\u1ec7u, t\u00edch h\u1ee3p v\u1edbi tri\u1ebft l\u00fd ph\u01b0\u01a1ng \u0110\u00f4ng v\u1ec1 vi\u1ec7c gi\u1eef g\u00ecn s\u1ee9c kh\u1ecfe t\u1ed1t v\u00e0 l\u00fd t\u01b0\u1edfng ch\u0103m s\u00f3c cho c\u1ea3 con ng\u01b0\u1eddi v\u00e0 m\u00f4i tr\u01b0\u1eddng. C\u00f4ng vi\u1ec7c kinh doanh c\u1ee7a YUAN b\u1eaft \u0111\u1ea7u t\u1eeb x\u00e0 ph\u00f2ng th\u1ea3o d\u01b0\u1ee3c \u0110\u00e0i Loan s\u1ea3n xu\u1ea5t b\u1eb1ng th\u1ee7 c\u00f4ng. Th\u00f4ng qua vi\u1ec7c \u1ee9ng d\u1ee5ng c\u00f4ng ngh\u1ec7 sinh h\u1ecdc k\u1ebft h\u1ee3p tinh ch\u1ea5t th\u1ea3o d\u01b0\u1ee3c v\u00e0 tinh d\u1ea7u cao c\u1ea5p, c\u00e1c s\u1ea3n ph\u1ea9m l\u00e0m s\u1ea1ch v\u00e0 ch\u0103m s\u00f3c da \u0111\u01b0\u1ee3c ph\u00e1t tri\u1ec3n h\u01a1n n\u1eefa d\u00e0nh cho c\u01a1 th\u1ec3, m\u1eb7t, mi\u1ec7ng, th\u00fa c\u01b0ng, n\u1ed9i tr\u1ee3\u2026 vv.<\/span><\/p><p><span style=\"font-weight: 400;\">\u0110\u1ec3 h\u1ea1n ch\u1ebf vi\u1ec7c c\u00f3 t\u00e1c \u0111\u1ed9ng kh\u00f4ng t\u00edch c\u1ef1c n\u00e0o cho c\u01a1 th\u1ec3 con ng\u01b0\u1eddi v\u00e0 m\u00f4i tr\u01b0\u1eddng, x\u00e0 ph\u00f2ng th\u1ee7 c\u00f4ng c\u1ee7a YUAN s\u1eed d\u1ee5ng c\u00e1c th\u00e0nh ph\u1ea7n th\u1ea3o d\u01b0\u1ee3c t\u1ef1 nhi\u00ean v\u1edbi thi\u1ebft k\u1ebf bao b\u00ec \u0111\u01a1n gi\u1ea3n. Ch\u1ec9 trong v\u00f2ng hai ho\u1eb7c ba n\u0103m, c\u00e1c s\u1ea3n ph\u1ea9m c\u1ee7a YUAN \u0111\u00e3 t\u1ea1o n\u00ean nhi\u1ec1u t\u00e1c \u0111\u1ed9ng l\u1edbn v\u1ec1 m\u1eb7t x\u00e3 h\u1ed9i, ch\u1ee9ng t\u1ecf r\u1eb1ng kh\u00e1i ni\u1ec7m ch\u0103m s\u00f3c s\u1ee9c kh\u1ecfe LOHAS \u0111\u00e3 tr\u1edf th\u00e0nh m\u1ed9t xu h\u01b0\u1edbng t\u1ea5t y\u1ebfu. Ngo\u00e0i ra, c\u00e1c s\u1ea3n ph\u1ea9m c\u00f3 ch\u1ea5t l\u01b0\u1ee3ng cao v\u00e0 bao b\u00ec \u0111\u01a1n gi\u1ea3n c\u00f3 th\u1ec3 \u0111\u00e1p \u1ee9ng t\u1ed1t h\u01a1n vi\u1ec7c theo \u0111u\u1ed5i s\u1ef1 thu\u1ea7n khi\u1ebft v\u1ec1 th\u1ec3 ch\u1ea5t v\u00e0 tinh th\u1ea7n c\u1ee7a ng\u01b0\u1eddi hi\u1ec7n \u0111\u1ea1i.<\/span><\/p>\t\t\t\t\t\t\t\t<\/div>\n\t\t\t\t<\/div>\n\t\t\t\t\t<\/div>\n\t\t<\/div>\n\t\t\t\t\t<\/div>\n\t\t<\/section>\n\t\t\t\t\t<\/div>\n\t\t<\/div>\n\t\t\t\t\t<\/div>\n\t\t<\/section>\n\t\t\t\t<section class=\"elementor-section elementor-top-section elementor-element elementor-element-16d92753 elementor-section-full_width elementor-section-height-min-height elementor-section-stretched elementor-section-height-default elementor-section-items-middle\" data-id=\"16d92753\" data-element_type=\"section\" data-settings=\"{&quot;stretch_section&quot;:&quot;section-stretched&quot;,&quot;background_background&quot;:&quot;classic&quot;}\">\n\t\t\t\t\t\t<div class=\"elementor-container elementor-column-gap-default\">\n\t\t\t\t\t<div class=\"elementor-column elementor-col-100 elementor-top-column elementor-element elementor-element-377ba17e\" data-id=\"377ba17e\" data-element_type=\"column\">\n\t\t\t<div class=\"elementor-widget-wrap elementor-element-populated\">\n\t\t\t\t\t\t<div class=\"elementor-element elementor-element-12041a7 elementor-cta--skin-cover elementor-bg-transform elementor-bg-transform-zoom-in elementor-widget elementor-widget-call-to-action\" data-id=\"12041a7\" data-element_type=\"widget\" data-widget_type=\"call-to-action.default\">\n\t\t\t\t<div class=\"elementor-widget-container\">\n\t\t\t\t\t\t\t<div class=\"elementor-cta\">\n\t\t\t\t\t<div class=\"elementor-cta__bg-wrapper\">\n\t\t\t\t<div class=\"elementor-cta__bg elementor-bg\" style=\"background-image: url(https:\/\/smavtgroup.com\/wp-content\/uploads\/2021\/08\/call_to_action_background-1024x206.jpg);\" role=\"img\" aria-label=\"call_to_action_background\"><\/div>\n\t\t\t\t<div class=\"elementor-cta__bg-overlay\"><\/div>\n\t\t\t<\/div>\n\t\t\t\t\t\t\t<div class=\"elementor-cta__content\">\n\t\t\t\t\n\t\t\t\t\t\t\t\t\t<h2 class=\"elementor-cta__title elementor-cta__content-item elementor-content-item\">\n\t\t\t\t\t\tLi\u00ean h\u1ec7 ngay \u0111\u1ec3 bi\u1ebft th\u00eam th\u00f4ng tin chi ti\u1ebft\t\t\t\t\t<\/h2>\n\t\t\t\t\n\t\t\t\t\t\t\t\t\t<div class=\"elementor-cta__description elementor-cta__content-item elementor-content-item\">\n\t\t\t\t\t\tC\u00f9ng ph\u00e1t tri\u1ec3n b\u1ec1n v\u1eefng v\u1edbi SMAVT, v\u1edbi Glow Better \n\t\t\t\t\t<\/div>\n\t\t\t\t\n\t\t\t\t\t\t\t\t\t<div class=\"elementor-cta__button-wrapper elementor-cta__content-item elementor-content-item\">\n\t\t\t\t\t<a class=\"elementor-cta__button elementor-button elementor-size-\">\n\t\t\t\t\t\tLi\u00ean h\u1ec7: +84 903 689 108\t\t\t\t\t<\/a>\n\t\t\t\t\t<\/div>\n\t\t\t\t\t\t\t<\/div>\n\t\t\t\t\t\t<\/div>\n\t\t\t\t\t\t<\/div>\n\t\t\t\t<\/div>\n\t\t\t\t\t<\/div>\n\t\t<\/div>\n\t\t\t\t\t<\/div>\n\t\t<\/section>\n\t\t\t\t<section class=\"elementor-section elementor-top-section elementor-element elementor-element-51622973 elementor-section-boxed elementor-section-height-default elementor-section-height-default\" data-id=\"51622973\" data-element_type=\"section\">\n\t\t\t\t\t\t<div class=\"elementor-container elementor-column-gap-no\">\n\t\t\t\t\t<div class=\"elementor-column elementor-col-100 elementor-top-column elementor-element elementor-element-3ea8586c\" data-id=\"3ea8586c\" data-element_type=\"column\">\n\t\t\t<div class=\"elementor-widget-wrap elementor-element-populated\">\n\t\t\t\t\t\t<div class=\"elementor-element elementor-element-f1238c7 elementor-widget elementor-widget-heading\" data-id=\"f1238c7\" data-element_type=\"widget\" data-widget_type=\"heading.default\">\n\t\t\t\t<div class=\"elementor-widget-container\">\n\t\t\t\t\t<h2 class=\"elementor-heading-title elementor-size-default\">\u0110\u1ed0I T\u00c1C<\/h2>\t\t\t\t<\/div>\n\t\t\t\t<\/div>\n\t\t\t\t<div class=\"elementor-element elementor-element-358fdb2e elementor-skin-carousel elementor-arrows-yes elementor-widget elementor-widget-media-carousel\" data-id=\"358fdb2e\" data-element_type=\"widget\" data-settings=\"{&quot;slides_per_view&quot;:&quot;5&quot;,&quot;slides_to_scroll&quot;:&quot;1&quot;,&quot;space_between&quot;:{&quot;unit&quot;:&quot;px&quot;,&quot;size&quot;:8,&quot;sizes&quot;:[]},&quot;skin&quot;:&quot;carousel&quot;,&quot;effect&quot;:&quot;slide&quot;,&quot;show_arrows&quot;:&quot;yes&quot;,&quot;speed&quot;:500,&quot;autoplay&quot;:&quot;yes&quot;,&quot;autoplay_speed&quot;:5000,&quot;loop&quot;:&quot;yes&quot;,&quot;pause_on_hover&quot;:&quot;yes&quot;,&quot;pause_on_interaction&quot;:&quot;yes&quot;,&quot;space_between_tablet&quot;:{&quot;unit&quot;:&quot;px&quot;,&quot;size&quot;:10,&quot;sizes&quot;:[]},&quot;space_between_mobile&quot;:{&quot;unit&quot;:&quot;px&quot;,&quot;size&quot;:10,&quot;sizes&quot;:[]}}\" data-widget_type=\"media-carousel.default\">\n\t\t\t\t<div class=\"elementor-widget-container\">\n\t\t\t\t\t\t\t\t\t<div class=\"elementor-swiper\">\n\t\t\t\t\t<div class=\"elementor-main-swiper swiper\" role=\"region\" aria-roledescription=\"carousel\" aria-label=\"Slides\">\n\t\t\t\t<div class=\"swiper-wrapper\">\n\t\t\t\t\t\t\t\t\t\t\t<div class=\"swiper-slide\" role=\"group\" aria-roledescription=\"slide\">\n\t\t\t\t\t\t\t\t\t<div class=\"elementor-carousel-image\" role=\"img\" aria-label=\"mirokal\" style=\"background-image: url(&#039;https:\/\/smavtgroup.com\/wp-content\/uploads\/2021\/08\/mirokal.jpg&#039;)\">\n\n\t\t\t\n\t\t\t\t\t<\/div>\n\t\t\t\t\t\t\t\t<\/div>\n\t\t\t\t\t\t\t\t\t\t\t<div class=\"swiper-slide\" role=\"group\" aria-roledescription=\"slide\">\n\t\t\t\t\t\t\t\t\t<div class=\"elementor-carousel-image\" role=\"img\" aria-label=\"meddi\" style=\"background-image: url(&#039;https:\/\/smavtgroup.com\/wp-content\/uploads\/2021\/08\/meddi.jpg&#039;)\">\n\n\t\t\t\n\t\t\t\t\t<\/div>\n\t\t\t\t\t\t\t\t<\/div>\n\t\t\t\t\t\t\t\t\t\t\t<div class=\"swiper-slide\" role=\"group\" aria-roledescription=\"slide\">\n\t\t\t\t\t\t\t\t\t<div class=\"elementor-carousel-image\" role=\"img\" aria-label=\"saigon\" style=\"background-image: url(&#039;https:\/\/smavtgroup.com\/wp-content\/uploads\/2021\/08\/saigon.jpg&#039;)\">\n\n\t\t\t\n\t\t\t\t\t<\/div>\n\t\t\t\t\t\t\t\t<\/div>\n\t\t\t\t\t\t\t\t\t\t\t<div class=\"swiper-slide\" role=\"group\" aria-roledescription=\"slide\">\n\t\t\t\t\t\t\t\t\t<div class=\"elementor-carousel-image\" role=\"img\" aria-label=\"holy\" style=\"background-image: url(&#039;https:\/\/smavtgroup.com\/wp-content\/uploads\/2021\/08\/holy.jpg&#039;)\">\n\n\t\t\t\n\t\t\t\t\t<\/div>\n\t\t\t\t\t\t\t\t<\/div>\n\t\t\t\t\t\t\t\t\t\t\t<div class=\"swiper-slide\" role=\"group\" aria-roledescription=\"slide\">\n\t\t\t\t\t\t\t\t\t<div class=\"elementor-carousel-image\" role=\"img\" aria-label=\"fv\" style=\"background-image: url(&#039;https:\/\/smavtgroup.com\/wp-content\/uploads\/2021\/08\/fv.jpg&#039;)\">\n\n\t\t\t\n\t\t\t\t\t<\/div>\n\t\t\t\t\t\t\t\t<\/div>\n\t\t\t\t\t\t\t\t\t\t\t<div class=\"swiper-slide\" role=\"group\" aria-roledescription=\"slide\">\n\t\t\t\t\t\t\t\t\t<div class=\"elementor-carousel-image\" role=\"img\" aria-label=\"glc\" style=\"background-image: url(&#039;https:\/\/smavtgroup.com\/wp-content\/uploads\/2021\/08\/glc.jpg&#039;)\">\n\n\t\t\t\n\t\t\t\t\t<\/div>\n\t\t\t\t\t\t\t\t<\/div>\n\t\t\t\t\t\t\t\t\t<\/div>\n\t\t\t\t\t\t\t\t\t\t\t\t\t\t\t<div class=\"elementor-swiper-button elementor-swiper-button-prev\" role=\"button\" tabindex=\"0\" aria-label=\"Previous\">\n\t\t\t\t\t\t\t<i aria-hidden=\"true\" class=\"eicon-chevron-left\"><\/i>\t\t\t\t\t\t<\/div>\n\t\t\t\t\t\t<div class=\"elementor-swiper-button elementor-swiper-button-next\" role=\"button\" tabindex=\"0\" aria-label=\"Next\">\n\t\t\t\t\t\t\t<i aria-hidden=\"true\" class=\"eicon-chevron-right\"><\/i>\t\t\t\t\t\t<\/div>\n\t\t\t\t\t\t\t\t\t\t\t\t\t\t\t\t\t<\/div>\n\t\t\t\t<\/div>\n\t\t\t\t\t\t\t\t<\/div>\n\t\t\t\t<\/div>\n\t\t\t\t\t<\/div>\n\t\t<\/div>\n\t\t\t\t\t<\/div>\n\t\t<\/section>\n\t\t\t\t<\/div>","protected":false},"excerpt":{"rendered":"<p>Products Semper tellus, tellus at eu platea lorem est a amet tincidunt nulla orci vulputate tellus felis. Overview Quis sit duis nulla at etiam scelerisque dignissim amet sit nec et in ultrices interdum viverra felis, consectetur a libero, habitant mi nunc leo. Mattis tristique tincidunt scelerisque neque felis non sed sed dignissim sit ornare fermentum &hellip;<\/p>\n<p class=\"read-more\"> <a class=\"\" href=\"https:\/\/websitedemos.net\/pharmaceutical-02\/products\/\"> <span class=\"screen-reader-text\">S\u1ea3n ph\u1ea9m<\/span> Read More &raquo;<\/a><\/p>","protected":false},"author":1,"featured_media":0,"parent":954,"menu_order":3,"comment_status":"closed","ping_status":"closed","template":"","meta":{"inline_featured_image":false,"footnotes":""},"class_list":["post-1656","page","type-page","status-publish","hentry"],"_links":{"self":[{"href":"https:\/\/smavtgroup.com\/vi\/wp-json\/wp\/v2\/pages\/1656","targetHints":{"allow":["GET"]}}],"collection":[{"href":"https:\/\/smavtgroup.com\/vi\/wp-json\/wp\/v2\/pages"}],"about":[{"href":"https:\/\/smavtgroup.com\/vi\/wp-json\/wp\/v2\/types\/page"}],"author":[{"embeddable":true,"href":"https:\/\/smavtgroup.com\/vi\/wp-json\/wp\/v2\/users\/1"}],"replies":[{"embeddable":true,"href":"https:\/\/smavtgroup.com\/vi\/wp-json\/wp\/v2\/comments?post=1656"}],"version-history":[{"count":6,"href":"https:\/\/smavtgroup.com\/vi\/wp-json\/wp\/v2\/pages\/1656\/revisions"}],"predecessor-version":[{"id":2717,"href":"https:\/\/smavtgroup.com\/vi\/wp-json\/wp\/v2\/pages\/1656\/revisions\/2717"}],"up":[{"embeddable":true,"href":"https:\/\/smavtgroup.com\/vi\/wp-json\/wp\/v2\/pages\/954"}],"wp:attachment":[{"href":"https:\/\/smavtgroup.com\/vi\/wp-json\/wp\/v2\/media?parent=1656"}],"curies":[{"name":"wp","href":"https:\/\/api.w.org\/{rel}","templated":true}]}}